{"id":1039,"date":"2017-01-31T20:05:21","date_gmt":"2017-01-31T19:05:21","guid":{"rendered":"https:\/\/www.vojta.com.pl\/?page_id=1039"},"modified":"2026-01-25T11:56:43","modified_gmt":"2026-01-25T10:56:43","slug":"szkolenia","status":"publish","type":"page","link":"https:\/\/www.vojta.com.pl\/index.php\/szkolenia\/","title":{"rendered":"Szkolenia"},"content":{"rendered":"<h2><strong>Wybierz interesuj\u0105cy Ci\u0119 rodzaj szkolenia:<\/strong><\/h2>\n<p>Kursy szkoleniowe &#8211; dzieci<\/p>\n<p>Kursy szkoleniowe &#8211; doro\u015bli<\/p>\n<p>Grupy Robocze<\/p>\n<p>Workshopy<\/p>\n<p>Kursy Od\u015bwie\u017caj\u0105ce<\/p>\n","protected":false},"excerpt":{"rendered":"<p>Wybierz interesuj\u0105cy Ci\u0119 rodzaj szkolenia: Kursy szkoleniowe &#8211; dzieci Kursy szkoleniowe &#8211; doro\u015bli Grupy Robocze Workshopy Kursy Od\u015bwie\u017caj\u0105ce<\/p>\n","protected":false},"author":1,"featured_media":0,"parent":0,"menu_order":0,"comment_status":"closed","ping_status":"closed","template":"","meta":{"_bbp_topic_count":0,"_bbp_reply_count":0,"_bbp_total_topic_count":0,"_bbp_total_reply_count":0,"_bbp_voice_count":0,"_bbp_anonymous_reply_count":0,"_bbp_topic_count_hidden":0,"_bbp_reply_count_hidden":0,"_bbp_forum_subforum_count":0,"footnotes":""},"class_list":["post-1039","page","type-page","status-publish","hentry"],"_links":{"self":[{"href":"https:\/\/www.vojta.com.pl\/index.php\/wp-json\/wp\/v2\/pages\/1039","targetHints":{"allow":["GET"]}}],"collection":[{"href":"https:\/\/www.vojta.com.pl\/index.php\/wp-json\/wp\/v2\/pages"}],"about":[{"href":"https:\/\/www.vojta.com.pl\/index.php\/wp-json\/wp\/v2\/types\/page"}],"author":[{"embeddable":true,"href":"https:\/\/www.vojta.com.pl\/index.php\/wp-json\/wp\/v2\/users\/1"}],"replies":[{"embeddable":true,"href":"https:\/\/www.vojta.com.pl\/index.php\/wp-json\/wp\/v2\/comments?post=1039"}],"version-history":[{"count":4,"href":"https:\/\/www.vojta.com.pl\/index.php\/wp-json\/wp\/v2\/pages\/1039\/revisions"}],"predecessor-version":[{"id":12184,"href":"https:\/\/www.vojta.com.pl\/index.php\/wp-json\/wp\/v2\/pages\/1039\/revisions\/12184"}],"wp:attachment":[{"href":"https:\/\/www.vojta.com.pl\/index.php\/wp-json\/wp\/v2\/media?parent=1039"}],"curies":[{"name":"wp","href":"https:\/\/api.w.org\/{rel}","templated":true}]}}