{"id":1045,"date":"2017-01-31T20:16:18","date_gmt":"2017-01-31T19:16:18","guid":{"rendered":"https:\/\/www.vojta.com.pl\/?page_id=1045"},"modified":"2017-01-31T20:16:18","modified_gmt":"2017-01-31T19:16:18","slug":"nowy-targ","status":"publish","type":"page","link":"https:\/\/www.vojta.com.pl\/index.php\/szkolenia\/grupy-robocze\/nowy-targ\/","title":{"rendered":"Nowy Targ"},"content":{"rendered":"<p>W dniu 21.01.2017r. odb\u0119dzie si\u0119 spotkanie grypy roboczej:<br \/>\n\u201eAnaliza kinezjologiczna pacjenta w planowaniu terapii. Wprowadzenie rodzica do terapii\u201d.<br \/>\nProwadz\u0105cy: Grzegorz Serkies, instruktor IVG<\/p>\n<p>Cel warsztat\u00f3w:<br \/>\n\u2013 okre\u015blenie i analiza odchyle\u0144 wzorc\u00f3w globalnych<br \/>\n\u2013 okre\u015blenie problemu g\u0142\u00f3wnego i celu terapii<br \/>\n\u2013 ustalenie programu terapii pod k\u0105tem wprowadzenia rodzica do terapii<br \/>\n\u2013 poszerzenie wiadomo\u015bci i umiej\u0119tno\u015bci praktycznych w zastosowaniu wariaci odruchowego obrotu \u2013 \u0107wiczenia praktyczne<\/p>\n<p>W ramach szkolenie przewidziana jest praca z czw\u00f3rka pacjent\u00f3w oraz \u0107wiczenia praktyczne odruchowego obrotu z uczestnika.<\/p>\n<p><strong>Termin:\u00a0<\/strong>21.01.2017 r godz. 09.00-17.00<br \/>\n<strong>Miejsce:<\/strong>\u00a0Nowy Targ, ul. Ustronie 11<br \/>\n<strong>Kontakt i zg\u0142oszenia:<\/strong>\u00a0Robert Jachymiak,<br \/>\n<strong>tel:<\/strong>\u00a0504100156,\u00a0<strong>mail:<\/strong>\u00a0robertjach@op.pl<br \/>\n<strong>Koszt:<\/strong>\u00a0350 z\u0142<\/p>\n<p>(P\u0142atne na konto Polskiego Towarzystwa Terapeut\u00f3w Metody Vojty<br \/>\nLucas Bank 11 1940 1076 3011 9149 0000 0000<br \/>\ntytu\u0142 przelewu \u2013 Warsztaty \u2013 Nowy Targ 21.01.2017)<\/p>\n<p><strong>Liczba miejsc:\u00a0<\/strong>10 os\u00f3b<br \/>\nWarunkiem zakwalifikowania jest dokonanie op\u0142aty oraz mailowe zg\u0142oszenie uczestnictwa w szkoleniu i przes\u0142anie dowodu na adres:<\/p>\n<p><a href=\"mailto:Corpus-Medica@outlook.com\">Corpus-Medica@outlook.com<\/a><\/p>\n<p>Istnieje mo\u017cliwo\u015b\u0107 rezerwacji noclegu w cenie 40 z\u0142.<br \/>\nOs. Oleks\u00f3wki 26, 34-400 Nowy Targ<br \/>\npokoje z \u0142azienk\u0105 i aneksem kuchennym:<br \/>\nKontakt:\u00a0<strong>Robert Jachymiak, tel: 504100156,<\/strong><\/p>\n<p>Serdecznie zapraszamy do uczestnictwa w szkoleniu<\/p>\n<p><strong>Oko\u0142o godziny 17.30 planowane jest zebranie organizacyjne celem zawi\u0105zania ma\u0142opolskiego oddzia\u0142u Polskiego Towarzystwa Terapeut\u00f3w Metody Vojty. Serdecznie zapraszamy wszystkich terapeut\u00f3w metody Vojty z wojew\u00f3dztwa ma\u0142opolskiego.<\/strong><\/p>\n","protected":false},"excerpt":{"rendered":"<p>W dniu 21.01.2017r. odb\u0119dzie si\u0119 spotkanie grypy roboczej: \u201eAnaliza kinezjologiczna pacjenta w planowaniu terapii. Wprowadzenie rodzica do terapii\u201d. Prowadz\u0105cy: Grzegorz Serkies, instruktor IVG Cel warsztat\u00f3w: \u2013 okre\u015blenie i analiza odchyle\u0144 wzorc\u00f3w globalnych \u2013 okre\u015blenie problemu g\u0142\u00f3wnego i celu terapii \u2013 ustalenie programu terapii pod k\u0105tem wprowadzenia rodzica do terapii \u2013 poszerzenie wiadomo\u015bci i umiej\u0119tno\u015bci praktycznych [&hellip;]<\/p>\n","protected":false},"author":1,"featured_media":0,"parent":1042,"menu_order":0,"comment_status":"closed","ping_status":"closed","template":"","meta":{"_bbp_topic_count":0,"_bbp_reply_count":0,"_bbp_total_topic_count":0,"_bbp_total_reply_count":0,"_bbp_voice_count":0,"_bbp_anonymous_reply_count":0,"_bbp_topic_count_hidden":0,"_bbp_reply_count_hidden":0,"_bbp_forum_subforum_count":0,"footnotes":""},"class_list":["post-1045","page","type-page","status-publish","hentry"],"_links":{"self":[{"href":"https:\/\/www.vojta.com.pl\/index.php\/wp-json\/wp\/v2\/pages\/1045","targetHints":{"allow":["GET"]}}],"collection":[{"href":"https:\/\/www.vojta.com.pl\/index.php\/wp-json\/wp\/v2\/pages"}],"about":[{"href":"https:\/\/www.vojta.com.pl\/index.php\/wp-json\/wp\/v2\/types\/page"}],"author":[{"embeddable":true,"href":"https:\/\/www.vojta.com.pl\/index.php\/wp-json\/wp\/v2\/users\/1"}],"replies":[{"embeddable":true,"href":"https:\/\/www.vojta.com.pl\/index.php\/wp-json\/wp\/v2\/comments?post=1045"}],"version-history":[{"count":1,"href":"https:\/\/www.vojta.com.pl\/index.php\/wp-json\/wp\/v2\/pages\/1045\/revisions"}],"predecessor-version":[{"id":1046,"href":"https:\/\/www.vojta.com.pl\/index.php\/wp-json\/wp\/v2\/pages\/1045\/revisions\/1046"}],"up":[{"embeddable":true,"href":"https:\/\/www.vojta.com.pl\/index.php\/wp-json\/wp\/v2\/pages\/1042"}],"wp:attachment":[{"href":"https:\/\/www.vojta.com.pl\/index.php\/wp-json\/wp\/v2\/media?parent=1045"}],"curies":[{"name":"wp","href":"https:\/\/api.w.org\/{rel}","templated":true}]}}