{"id":1048,"date":"2017-01-31T20:28:53","date_gmt":"2017-01-31T19:28:53","guid":{"rendered":"https:\/\/www.vojta.com.pl\/?page_id=1048"},"modified":"2017-01-31T20:30:40","modified_gmt":"2017-01-31T19:30:40","slug":"wroclaw","status":"publish","type":"page","link":"https:\/\/www.vojta.com.pl\/index.php\/szkolenia\/grupy-robocze\/wroclaw\/","title":{"rendered":"Wroc\u0142aw"},"content":{"rendered":"<div>Zapraszamy na spotkanie grupy roboczej, kt\u00f3re odb\u0119dzie si\u0119 \u00a028.01.2017 we Wroc\u0142awiu w Przychodni Pulsantis przy<br \/>\nul. Ostrowskiego 3. W trakcie spotkanie przeprowadzimy analiz\u0105 kinezjologiczn\u0105 pacjent\u00f3w ze wparciem lekarzy i terapeut\u00f3w.<\/div>\n<div><\/div>\n<div>Tematy spotkania :<\/div>\n<div>\n<div>&#8211; \u00a0wada rozwojowa m\u00f3\u017cd\u017cku,<\/div>\n<div>&#8211; zaburzenia wzrostu, \u00a0zaburzenia lokomocji brak mo\u017cliwo\u015bci przej\u015bcia z pozycji stoj\u0105cej do kucznej,<\/div>\n<div>&#8211; kr\u0119cz szyi ,<\/div>\n<\/div>\n<div><\/div>\n<div>Spotkanie zaplanowano na godz. 09:00<\/div>\n<div>Ch\u0119tnych zapraszamy do kontaktu mailowego \u00a0z jedn\u0105 z organizatorek, Pani\u0105 mgr <a href=\"mailto:annagorecka@icloud.com\">Ann\u0105 G\u00f3reck\u0105<\/a><\/div>\n<div><\/div>\n<div>Wszystkich ch\u0119tnych zapraszamy r\u00f3wnie\u017c na zebranie maj\u0105ce na celu stworzenie <strong>dolno\u015bl\u0105skiego oddzia\u0142u Polskiego Towarzystwa Terapeut\u00f3w Metody Vojty,\u00a0<\/strong>kt\u00f3re odb\u0119dzie si\u0119 bezpo\u015brednio po grupie roboczej.<\/div>\n<div><\/div>\n<div><\/div>\n","protected":false},"excerpt":{"rendered":"<p>Zapraszamy na spotkanie grupy roboczej, kt\u00f3re odb\u0119dzie si\u0119 \u00a028.01.2017 we Wroc\u0142awiu w Przychodni Pulsantis przy ul. Ostrowskiego 3. W trakcie spotkanie przeprowadzimy analiz\u0105 kinezjologiczn\u0105 pacjent\u00f3w ze wparciem lekarzy i terapeut\u00f3w. Tematy spotkania : &#8211; \u00a0wada rozwojowa m\u00f3\u017cd\u017cku, &#8211; zaburzenia wzrostu, \u00a0zaburzenia lokomocji brak mo\u017cliwo\u015bci przej\u015bcia z pozycji stoj\u0105cej do kucznej, &#8211; kr\u0119cz szyi , Spotkanie [&hellip;]<\/p>\n","protected":false},"author":1,"featured_media":0,"parent":1042,"menu_order":0,"comment_status":"closed","ping_status":"closed","template":"","meta":{"_bbp_topic_count":0,"_bbp_reply_count":0,"_bbp_total_topic_count":0,"_bbp_total_reply_count":0,"_bbp_voice_count":0,"_bbp_anonymous_reply_count":0,"_bbp_topic_count_hidden":0,"_bbp_reply_count_hidden":0,"_bbp_forum_subforum_count":0,"footnotes":""},"class_list":["post-1048","page","type-page","status-publish","hentry"],"_links":{"self":[{"href":"https:\/\/www.vojta.com.pl\/index.php\/wp-json\/wp\/v2\/pages\/1048","targetHints":{"allow":["GET"]}}],"collection":[{"href":"https:\/\/www.vojta.com.pl\/index.php\/wp-json\/wp\/v2\/pages"}],"about":[{"href":"https:\/\/www.vojta.com.pl\/index.php\/wp-json\/wp\/v2\/types\/page"}],"author":[{"embeddable":true,"href":"https:\/\/www.vojta.com.pl\/index.php\/wp-json\/wp\/v2\/users\/1"}],"replies":[{"embeddable":true,"href":"https:\/\/www.vojta.com.pl\/index.php\/wp-json\/wp\/v2\/comments?post=1048"}],"version-history":[{"count":2,"href":"https:\/\/www.vojta.com.pl\/index.php\/wp-json\/wp\/v2\/pages\/1048\/revisions"}],"predecessor-version":[{"id":1051,"href":"https:\/\/www.vojta.com.pl\/index.php\/wp-json\/wp\/v2\/pages\/1048\/revisions\/1051"}],"up":[{"embeddable":true,"href":"https:\/\/www.vojta.com.pl\/index.php\/wp-json\/wp\/v2\/pages\/1042"}],"wp:attachment":[{"href":"https:\/\/www.vojta.com.pl\/index.php\/wp-json\/wp\/v2\/media?parent=1048"}],"curies":[{"name":"wp","href":"https:\/\/api.w.org\/{rel}","templated":true}]}}