{"id":1052,"date":"2017-01-31T20:39:51","date_gmt":"2017-01-31T19:39:51","guid":{"rendered":"https:\/\/www.vojta.com.pl\/?page_id=1052"},"modified":"2017-01-31T20:39:51","modified_gmt":"2017-01-31T19:39:51","slug":"grudziadz","status":"publish","type":"page","link":"https:\/\/www.vojta.com.pl\/index.php\/szkolenia\/grupy-robocze\/grudziadz\/","title":{"rendered":"Grudzi\u0105dz"},"content":{"rendered":"<p><strong>\u201eANALIZA KINEZJOLOGICZNA PACJENTA W PLANOWANIU TERAPII. KISS \u2013 syndrom jako powik\u0142anie po porodzie cesarskim ci\u0119ciem\u201d<\/strong><\/p>\n<p>W dniu <strong>19.02.2017r<\/strong>. odb\u0119dzie si\u0119 grupa robocza:<\/p>\n<p><strong>Prowadz\u0105cy: <\/strong>Grzegorz Serkies, instruktor IVG<\/p>\n<p><strong>Cel warsztat\u00f3w:<\/strong><\/p>\n<p>&#8211; okre\u015blenie i analiza odchyle\u0144 wzorc\u00f3w globalnych<\/p>\n<p>&#8211; okre\u015blenie problemu g\u0142\u00f3wnego i celu terapii<\/p>\n<p>&#8211; przedstawienie problem\u00f3w terapeutycznych KISS \u2013 syndrom u pacjent\u00f3w po porodzie cesarskim ci\u0119ciem<\/p>\n<p>&#8211; poszerzenie wiadomo\u015bci i umiej\u0119tno\u015bci praktycznych w zastosowaniu wariant\u00f3w terapeutycznych odruchowego pe\u0142zania \u2013 \u0107wiczenia praktyczne<\/p>\n<p>W ramach szkolenie przewidziana jest praca z czw\u00f3rk\u0105 pacjent\u00f3w oraz \u0107wiczenia praktyczne odruchowego pe\u0142zania.<\/p>\n<p><strong>Termin: <\/strong>19.02.2017 r godz. 09.00-17.00<br \/>\n<strong>Miejsce: <\/strong>REGIONALNY SZPITAL SPECJALISTYCZNY W GRUDZI\u0104DZU przy ul.Rydygiera 15-17,\u00a0Kompleks pediatryczny (wej\u015bcie od l\u0105dowiska) &#8211; sala konferencyjna<\/p>\n<p><strong>Kontakt i zg\u0142oszenia: Tomasz Rybkiewicz<br \/>\n<\/strong><strong>tel: <em>602 455 390<\/em>, mail: <em>tomaszrybkiewicz@wp.pl<br \/>\n<\/em><\/strong><strong>Koszt:<\/strong> 350 z\u0142<\/p>\n<p><em>(P\u0142atne na konto Polskiego Towarzystwa Terapeut\u00f3w Metody Vojty<br \/>\n<\/em><em>Credit Agricole:\u00a0<\/em><em>11 1940 1076 3011 9149 0000 0000<br \/>\n<\/em><em>tytu\u0142 przelewu \u2013 Warsztaty \u2013 Grudzi\u0105dz 19.02.2017)<br \/>\n<\/em><strong>Liczba miejsc: <\/strong>10 os\u00f3b<\/p>\n<p>Warunkiem zakwalifikowania jest mailowe zg\u0142oszenie uczestnictwa w szkoleniu (potwierdzenie wst\u0119pnego zakwalifikowania przez organizatora) a nast\u0119pnie przes\u0142anie dowodu wp\u0142aty na adres mailowy:<em>tomaszrybkiewicz@wp.pl<br \/>\n<\/em><\/p>\n<p>Serdecznie zapraszamy do uczestnictwa w szkoleniu<\/p>\n<p><strong>Oko\u0142o godziny 17.30 planowane jest zebranie organizacyjne celem zawi\u0105zania kujawsko &#8211; pomorskiego oddzia\u0142u Polskiego Towarzystwa Terapeut\u00f3w Metody Vojty. Serdecznie zapraszamy wszystkich terapeut\u00f3w metody Vojty z wojew\u00f3dztwa kujawsko &#8211; pomorskiego.<\/strong><\/p>\n<p>&nbsp;<\/p>\n","protected":false},"excerpt":{"rendered":"<p>\u201eANALIZA KINEZJOLOGICZNA PACJENTA W PLANOWANIU TERAPII. KISS \u2013 syndrom jako powik\u0142anie po porodzie cesarskim ci\u0119ciem\u201d W dniu 19.02.2017r. odb\u0119dzie si\u0119 grupa robocza: Prowadz\u0105cy: Grzegorz Serkies, instruktor IVG Cel warsztat\u00f3w: &#8211; okre\u015blenie i analiza odchyle\u0144 wzorc\u00f3w globalnych &#8211; okre\u015blenie problemu g\u0142\u00f3wnego i celu terapii &#8211; przedstawienie problem\u00f3w terapeutycznych KISS \u2013 syndrom u pacjent\u00f3w po porodzie cesarskim [&hellip;]<\/p>\n","protected":false},"author":1,"featured_media":0,"parent":1042,"menu_order":0,"comment_status":"closed","ping_status":"closed","template":"","meta":{"_bbp_topic_count":0,"_bbp_reply_count":0,"_bbp_total_topic_count":0,"_bbp_total_reply_count":0,"_bbp_voice_count":0,"_bbp_anonymous_reply_count":0,"_bbp_topic_count_hidden":0,"_bbp_reply_count_hidden":0,"_bbp_forum_subforum_count":0,"footnotes":""},"class_list":["post-1052","page","type-page","status-publish","hentry"],"_links":{"self":[{"href":"https:\/\/www.vojta.com.pl\/index.php\/wp-json\/wp\/v2\/pages\/1052","targetHints":{"allow":["GET"]}}],"collection":[{"href":"https:\/\/www.vojta.com.pl\/index.php\/wp-json\/wp\/v2\/pages"}],"about":[{"href":"https:\/\/www.vojta.com.pl\/index.php\/wp-json\/wp\/v2\/types\/page"}],"author":[{"embeddable":true,"href":"https:\/\/www.vojta.com.pl\/index.php\/wp-json\/wp\/v2\/users\/1"}],"replies":[{"embeddable":true,"href":"https:\/\/www.vojta.com.pl\/index.php\/wp-json\/wp\/v2\/comments?post=1052"}],"version-history":[{"count":1,"href":"https:\/\/www.vojta.com.pl\/index.php\/wp-json\/wp\/v2\/pages\/1052\/revisions"}],"predecessor-version":[{"id":1053,"href":"https:\/\/www.vojta.com.pl\/index.php\/wp-json\/wp\/v2\/pages\/1052\/revisions\/1053"}],"up":[{"embeddable":true,"href":"https:\/\/www.vojta.com.pl\/index.php\/wp-json\/wp\/v2\/pages\/1042"}],"wp:attachment":[{"href":"https:\/\/www.vojta.com.pl\/index.php\/wp-json\/wp\/v2\/media?parent=1052"}],"curies":[{"name":"wp","href":"https:\/\/api.w.org\/{rel}","templated":true}]}}