{"id":12536,"date":"2026-03-07T23:50:59","date_gmt":"2026-03-07T22:50:59","guid":{"rendered":"https:\/\/www.vojta.com.pl\/?page_id=12536"},"modified":"2026-03-07T23:51:00","modified_gmt":"2026-03-07T22:51:00","slug":"anna-fonfara","status":"publish","type":"page","link":"https:\/\/www.vojta.com.pl\/index.php\/anna-fonfara\/","title":{"rendered":"Anna Fonfara"},"content":{"rendered":"\n<p>1 mgr Anna Fonfara \u2013 Instruktor IVG \/ Fizjoterapeuta\/&nbsp; Nauczyciel&nbsp; akademicki<\/p>\n\n\n\n<p>2 Uko\u0144czy\u0142am pierwszy kurs w Polsce, kt\u00f3ry odby\u0142 si\u0119 we Wroc\u0142awiu w kooperacji z Fundacja Promyk S\u0142o\u0144ca w latach 1999r \u2013 2001r<\/p>\n\n\n\n<p>&#8211; moja praca rozpocz\u0119\u0142a si\u0119 z niemowl\u0119tami ( i tak pozostaje do dzisiaj). Moim pierwszym miejscem pracy by\u0142 Dom Ma\u0142ego Dziecka we Wroc\u0142awiu, a po 10 latach rozpocz\u0119\u0142am prac\u0119 w Klinice Neonatologii&nbsp; w Uniwersyteckim Szpitalu Klinicznym we Wroc\u0142awiu, gdzie obecnie&nbsp; pracuj\u0119. R\u00f3wnocze\u015bnie&nbsp; pracowa\u0142am w systemie ambulatoryjnym w prywatnym gabinecie.<\/p>\n\n\n\n<p>3 G\u0142\u00f3wnym obszarem mojej obecnej pracy s\u0105 noworodki urodzone przedwcze\u015bnie oraz niemowl\u0119ta&nbsp; u&nbsp; kt\u00f3rych w&nbsp; przewa\u017caj\u0105cej wi\u0119kszo\u015bci rozpoznano&nbsp; problemy&nbsp; neurologiczne, zespo\u0142y&nbsp; genetyczne , choroby rzadkie. Zajmuj\u0119 si\u0119 r\u00f3wnie\u017c&nbsp; dzie\u0107mi &nbsp;z wrodzonym&nbsp; kr\u0119czem szyi, z wrodzonymi problemami ortopedycznymi (wady st\u00f3p, dysplazja st biodrowych itp.)&nbsp; dzie\u0107mi z artrogrpoz\u0105, dzie\u0107mi u kt\u00f3rych wyst\u0119puj\u0105&nbsp; zaburzenia&nbsp; oddychania, ssania itp. Mam do\u015bwiadczenie w pracy z dzie\u0107mi z rozszczepami wargi i podniebienia. Do grupy moich pacjent\u00f3w nale\u017c\u0105 r\u00f3wnie\u017c dzieci po operacjach przepuklin przeponowych oraz po operacjach w przypadku zaro\u015bni\u0119cia prze\u0142yku. &nbsp;&nbsp;&nbsp;&nbsp;Mam mo\u017cliwo\u015b\u0107 skupienia si\u0119 na pracy klinicznej dzi\u0119ki&nbsp; programom pa\u0144stwowym&nbsp; realizowanym w Klinice Neonatologii Uniwersyteckiego Szpitala Klinicznego we Wroc\u0142awiu .&nbsp; Programy te dedykowane s\u0105 noworodkom urodzonym przedwcze\u015bnie &nbsp;po wyj\u015bciu ze szpitala oraz dzieciom z wrodzonymi chorobami rzadkimi.<\/p>\n\n\n\n<p>4 W prowadzeniu pacjent\u00f3w koncentruj\u0119&nbsp; si\u0119 na dok\u0142adnej ocenie funkcjonalnej z wykorzystaniem r\u00f3\u017cnych metod &nbsp;oceny &#8211; met Vojty\/Prechtl\/ HINE i inne,&nbsp; oraz terapii met Vojty, kt\u00f3ra niezmiennie pozostaje moim wyborem. Posiadam liczne kursy i szkolenia, kt\u00f3re r\u00f3wnie\u017c wykorzystuj\u0119 jako element wspieraj\u0105cy potrzeby moich pacjent\u00f3w. &nbsp;&nbsp;Bardzo istotna jest dla mnie wsp\u00f3\u0142praca z rodzicami. Uwa\u017cam, \u017ce jest to&nbsp; kluczowy&nbsp; aspekt &nbsp;decyduj\u0105cy o powodzeniu terapii.&nbsp; W tym obszarze&nbsp; \u015bci\u015ble&nbsp; wsp\u00f3\u0142pracuj\u0119 z psychologiem klinicznym.<\/p>\n\n\n\n<p>&nbsp;Skupiam si\u0119 r\u00f3wnie\u017c na stymulacji rozwoju u noworodk\u00f3w urodzonych przedwcze\u015bnie<\/p>\n\n\n\n<p>5 Uczestnicz\u0119 regularnie w konferencjach naukowych dotycz\u0105cych neonatologii&nbsp; oraz&nbsp; fizjoterapii. Jestem uczestnikiem mi\u0119dzynarodowych spotka\u0144&nbsp; IVG.&nbsp; Bardzo aktywnie&nbsp; wsp\u00f3\u0142pracuj\u0119 &nbsp;z certyfikowanymi terapeutami met Vojty w ramach konsultacji pacjent\u00f3w , grup roboczych (AG) czy Workshop\u00f3w.&nbsp; Jestem czynnym Instruktorem na kursach met Vojty oraz kierownikiem kursu we Wroc\u0142awiu.<\/p>\n\n\n\n<p>Prowadz\u0119&nbsp; badania &nbsp;naukowe. Obecnie kontynuuj\u0119 prac\u0119 nad projektem badawczym dotycz\u0105cym wp\u0142ywu metody Vojty na funkcj\u0119 ssania u noworodk\u00f3w urodzonych przedwcze\u015bnie.<\/p>\n\n\n\n<p>6 W mojej pracy klinicznej&nbsp; najwa\u017cniejsza&nbsp; jest dla mnie najwy\u017csza jako\u015b\u0107 terapii jak\u0105 mog\u0119 zaoferowa\u0107 dziecku, przy poszanowaniu mo\u017cliwo\u015bci dziecka i jego rodziny. D\u0142ugie rozmowy z rodzicami s\u0105 wa\u017cnym elementem mojej pracy.&nbsp;&nbsp; W pracy z terapeutami,&nbsp; bardzo ch\u0119tnie dziel\u0119 si\u0119 swoj\u0105 wiedz\u0105 i do\u015bwiadczeniem. &nbsp;Jako mentor staram si\u0119 wspiera\u0107 swoich podopiecznych w d\u0142ugiej i nie\u0142atwej drodze asystenta do funkcji instruktora.<\/p>\n\n\n\n<p>7 Interesuje mnie Natura. Praca w ogrodzie i rodzina&nbsp; pozwala mi zachowa\u0107 r\u00f3wnowag\u0119.&nbsp; Lubi\u0119 odpoczywa\u0107 z ksi\u0105\u017ck\u0105.&nbsp; Bardzo doceniam&nbsp; normalne, proste i spokojne&nbsp; \u017cycie.<\/p>\n","protected":false},"excerpt":{"rendered":"<p>1 mgr Anna Fonfara \u2013 Instruktor IVG \/ Fizjoterapeuta\/&nbsp; Nauczyciel&nbsp; akademicki 2 Uko\u0144czy\u0142am pierwszy kurs w Polsce, kt\u00f3ry odby\u0142 si\u0119 we Wroc\u0142awiu w kooperacji z Fundacja Promyk S\u0142o\u0144ca w latach 1999r \u2013 2001r &#8211; moja praca rozpocz\u0119\u0142a si\u0119 z niemowl\u0119tami ( i tak pozostaje do dzisiaj). Moim pierwszym miejscem pracy by\u0142 Dom Ma\u0142ego Dziecka we [&hellip;]<\/p>\n","protected":false},"author":794,"featured_media":0,"parent":0,"menu_order":0,"comment_status":"closed","ping_status":"closed","template":"","meta":{"_bbp_topic_count":0,"_bbp_reply_count":0,"_bbp_total_topic_count":0,"_bbp_total_reply_count":0,"_bbp_voice_count":0,"_bbp_anonymous_reply_count":0,"_bbp_topic_count_hidden":0,"_bbp_reply_count_hidden":0,"_bbp_forum_subforum_count":0,"footnotes":""},"class_list":["post-12536","page","type-page","status-publish","hentry"],"_links":{"self":[{"href":"https:\/\/www.vojta.com.pl\/index.php\/wp-json\/wp\/v2\/pages\/12536","targetHints":{"allow":["GET"]}}],"collection":[{"href":"https:\/\/www.vojta.com.pl\/index.php\/wp-json\/wp\/v2\/pages"}],"about":[{"href":"https:\/\/www.vojta.com.pl\/index.php\/wp-json\/wp\/v2\/types\/page"}],"author":[{"embeddable":true,"href":"https:\/\/www.vojta.com.pl\/index.php\/wp-json\/wp\/v2\/users\/794"}],"replies":[{"embeddable":true,"href":"https:\/\/www.vojta.com.pl\/index.php\/wp-json\/wp\/v2\/comments?post=12536"}],"version-history":[{"count":1,"href":"https:\/\/www.vojta.com.pl\/index.php\/wp-json\/wp\/v2\/pages\/12536\/revisions"}],"predecessor-version":[{"id":12537,"href":"https:\/\/www.vojta.com.pl\/index.php\/wp-json\/wp\/v2\/pages\/12536\/revisions\/12537"}],"wp:attachment":[{"href":"https:\/\/www.vojta.com.pl\/index.php\/wp-json\/wp\/v2\/media?parent=12536"}],"curies":[{"name":"wp","href":"https:\/\/api.w.org\/{rel}","templated":true}]}}