{"id":12542,"date":"2026-03-07T23:58:49","date_gmt":"2026-03-07T22:58:49","guid":{"rendered":"https:\/\/www.vojta.com.pl\/?page_id=12542"},"modified":"2026-03-07T23:58:50","modified_gmt":"2026-03-07T22:58:50","slug":"zasady-terapii-metoda-vojty","status":"publish","type":"page","link":"https:\/\/www.vojta.com.pl\/index.php\/zasady-terapii-metoda-vojty\/","title":{"rendered":"Zasady terapii metod\u0105 Vojty"},"content":{"rendered":"\n<p>Terapia metod\u0105 Vojty stanowi jedn\u0105 z uznanych na \u015bwiecie metod neurofizjoterapii, stosowan\u0105 w diagnostyce oraz usprawnianiu pacjent\u00f3w z zburzeniami rozwoju psychoruchowego i dysfunkcjami uk\u0142adu nerwowego. Jej podstawy teoretyczne opieraj\u0105 si\u0119 na koncepcji odruchowej lokomocji, zak\u0142adaj\u0105cej istnienie wrodzonych, genetycznie zaprogramowanych wzorc\u00f3w ruchowych, odruchowego obrotu i odruchowego pe\u0142zania, kt\u00f3re mog\u0105 zosta\u0107 aktywowane poprzez precyzyjn\u0105 stymulacj\u0119 okre\u015blonych stref znajduj\u0105cych si\u0119 na ciele w \u015bci\u015ble zdefiniowanych pozycjach wyj\u015bciowych. Aktywacja tych wzorc\u00f3w prowadzi do globalnej odpowiedzi motorycznej obejmuj\u0105cej ca\u0142e cia\u0142o w \u015bcis\u0142ej zale\u017cno\u015bci z uk\u0142adem nerwowym\u00a0<\/p>\n\n\n\n<p>Metoda Vojty znajduje zastosowanie w terapii pacjent\u00f3w w szerokim spectrum jednostek chorobowych. Jest wykorzystywana w neurologii, &nbsp;w leczeniu zaburze\u0144 wynikaj\u0105cych z uszkodze\u0144 o\u015brodkowego i obwodowego uk\u0142adu nerwowego oraz w genetyce klinicznej u pacjent\u00f3w z zespo\u0142ami uwarunkowanymi genetycznie, przebiegaj\u0105cymi z nieprawid\u0142owym rozwojem psychoruchowym. Ponadto metoda ta znajduje zastosowanie w ortopedii, zar\u00f3wno w terapii wad wrodzonych i nabytych narz\u0105du ruchu, jak i post\u0119powaniu korekcyjnym u pacjent\u00f3w z wadami postawy cia\u0142a czy skoliozach.<\/p>\n\n\n\n<p>Terapia metod\u0105 Vojty&nbsp; jest r\u00f3wnie\u017c wykorzystywana u pacjent\u00f3w z zespo\u0142ami metabolicznymi u kt\u00f3rych zaburzenia przemian metabolicznych i enzymatycznych wp\u0142ywaj\u0105 na funkcjonowanie uk\u0142adu nerwowo- mi\u0119\u015bniowego oraz jako\u015b\u0107 rozwoju motorycznego. W tego typu schorzeniach post\u0119powanie fizjoterapeutyczne ukierunkowane jest na normalizacje napi\u0119cia mi\u0119\u015bniowego, poprzez kontrol\u0119 posturaln\u0105 oraz kszta\u0142towanie prawid\u0142owych wzorc\u00f3w ruchowych.<\/p>\n\n\n\n<p>Skuteczno\u015b\u0107 terapii metody Vojty jest \u015bci\u015ble uzale\u017cniona od prawid\u0142owego i konsekwentnego przestrzegania zasad jej stosowania . Zasady te maj\u0105 na celu zapewnienie bezpiecze\u0144stwa pacjenta, optymalizacj\u0119 efekt\u00f3w terapeutycznych oraz zgodno\u015b\u0107 post\u0119powania z aktualnym stanem wiedzy. Istotnym elementem terapii jest jej indywidualizacja uwzgl\u0119dniaj\u0105ca stan kliniczny pacjenta, wiek, stopie\u0144 dojrza\u0142o\u015bci uk\u0142adu kostno-nerwowego oraz charakter i nasilenie zaburze\u0144. Program terapeutyczny jest ka\u017cdorazowo dostosowywany na podstawie szczeg\u00f3\u0142owej diagnostyki funkcjonalnej, co pozwala na dob\u00f3r odpowiedniej pozycji wyj\u015bciowej i strefy stymulacji oraz intensywno\u015bci. Jednocze\u015bnie niezb\u0119dnym elementem planowania terapii jest uwzgl\u0119dnienie wskaza\u0144 i przeciwwskaza\u0144 do jej&nbsp; stosowania. Kwalifikacja pacjenta do terapii powinna by\u0107 poprzedzona kompleksow\u0105 ocen\u0105 stanu zdrowia, obejmuj\u0105ca analiz\u0119 dokumentacji medycznej, wynik\u00f3w bada\u0144 oraz aktualnego stanu klinicznego i zgody na terapi\u0119 . Przestrzeganie&nbsp; tych czynno\u015bci stanowi podstaw\u0119 odpowiedniego post\u0119powania terapeutycznego , minimalizuje ryzyko wyst\u0119powania dzia\u0142a\u0144 niepo\u017c\u0105danych.<\/p>\n\n\n\n<p>Kluczowym elementem terapii jest stymulacja okre\u015blonych stref na ciele pacjenta, wykonywana w \u015bci\u015ble zdefiniowanych pozycjach wyj\u015bciowych. Odpowiednie u\u0142o\u017cenie pacjenta warunkuje mo\u017cliwo\u015b\u0107 wyzwolenia prawid\u0142owych reakcji motorycznych oraz aktywacji fizjologicznych zakodowanych genetycznie wzorc\u00f3w ruchowych. R\u00f3wnie istotne znaczenie ma w\u0142a\u015bciwe nasilenie bod\u017aca, kt\u00f3re powinno by\u0107 dostosowane do indywidualnych mo\u017cliwo\u015bci pacjenta oraz jego aktualnego stanu klinicznego. Stymulacja prowadzona jest w okre\u015blonym kierunku, zgodnym z za\u0142o\u017ceniami metody. Zachowanie odpowiedniego kierunku, si\u0142y&nbsp; i czasu oddzia\u0142ywania bod\u017aca wp\u0142ywa na jako\u015b\u0107 uzyskanej odpowiedzi motorycznej oraz skuteczno\u015bci terapii. Precyzja w zakresie pozycji wyj\u015bciowej nasilenia bod\u017cca i kierunku wyzwalania stanowi jeden z podstawowych warunk\u00f3w efektywnego i bezpiecznego stosowania metody .<\/p>\n\n\n\n<p>Terapia Vojty wymaga systematyczno\u015bci i regularno\u015bci, aby przynosi\u0142a oczekiwane efekty . Zaleca si\u0119 aby by\u0142a prowadzona do czterech razy dziennie, zgodnie z zaleceniami terapeuty. Kluczow\u0105 rol\u0105 odgrywa tu rodzic kt\u00f3ry kontynuuje terapi\u0119 w domu wykonuj\u0105c j\u0105 codziennie, co pozwala na utrwalenie prawid\u0142owych wzorc\u00f3w ruchowych i maksymalne wsparcie rozwoju dziecka. Czas trwania terapii Vojty podczas jednej sesji dostosowany jest do wieku i mo\u017cliwo\u015bci dziecka. U wcze\u015bniak\u00f3w pojedyncza sesja trwa zazwyczaj oko\u0142o 2 min., u noworodk\u00f3w oko\u0142o 5 min., u niemowl\u0105t 10 \u2013 15 min &nbsp;natomiast u dzieci starszych mo\u017ce trwa\u0107 do 20 min. Terapia prowadzona jest naprzemiennie, zwykle do minuty na ka\u017cd\u0105 stron\u0119 co pozwala na r\u00f3wnomiern\u0105, stymulacj\u0119 mechanizm\u00f3w podporowo-wyprostnych, ruchu fazowego w kontek\u015bcie sterowania postaw\u0105.Takie dopasowanie czasu trwania terapii pozwala na skuteczn\u0105 i optymaln\u0105 prac\u0119 bez nadmiernego obci\u0105\u017cenia dziecka z poszanowaniem jego aktualnych mo\u017cliwo\u015bci rozwojowych oraz ewentualnych ogranicze\u0144<\/p>\n\n\n\n<p>Podczas terapii metod\u0105 Vojty dziecko mo\u017ce reagowa\u0107 p\u0142aczem, co jest cz\u0119stym i naturalnym zjawiskiem. P\u0142acz ten nie wynika z b\u00f3lu, lecz z wysi\u0142ku , koncentracji oraz pozycji w jakiej dziecko jest u\u0142o\u017cone podczas terapii. Metoda Vojty jest bezpieczna, prowadzona zgodnie z okre\u015blonymi zasadami i zawsze dostosowana do mo\u017cliwo\u015bci dziecka. Reakcje emocjonalne dziecka s\u0105 elementem procesu terapeutycznego i nie stanowi\u0105 zagro\u017cenia dla zdrowia ani rozwoju dziecka co oczywi\u015bcie nale\u017cy om\u00f3wi\u0107 z rodzicami<\/p>\n\n\n\n<p>Skuteczno\u015b\u0107 terapii w du\u017cej mierze&nbsp; opiera si\u0119 na systematyczno\u015bci oraz \u015bcis\u0142ym przestrzeganiu zalece\u0144 terapeuty, kt\u00f3ry wraz z rodzicami ustala cel terapii, plan terapii oraz oczekiwane efekty kr\u00f3tko i d\u0142ugofalowe &nbsp;Niezwykle wa\u017cna jest regularna kontrola post\u0119p\u00f3w dziecka poprzez certyfikowanego terapeut\u0119, kt\u00f3ry na bie\u017c\u0105co ocenia efekty terapii. Wraz z rozwojem i post\u0119pami pacjenta wprowadzane s\u0105 zmiany w pozycjach wyj\u015bciowych, doborze stref stymulacji oraz modyfikowany jest spos\u00f3b powadzenia terapii Indywidualne dostosowanie terapii pozwala na maksymalizacj\u0119 efekt\u00f3w oraz zapewnia bezpiecze\u0144stwo i komfort dziecka na ka\u017cdym etapie terapii.<\/p>\n\n\n\n<p>Podsumowanie:<\/p>\n\n\n\n<p>1 Terapia prowadzona zawsze w kontakcie z dzieckiem i wsp\u00f3\u0142pracy z dzieckiem<\/p>\n\n\n\n<p>2 Terapia oparta na wrodzonych wzorcach ruchowych&nbsp;<\/p>\n\n\n\n<p>3&nbsp; Terapia&nbsp; oparta o sk\u0142adowe lokomocji<\/p>\n\n\n\n<p>&nbsp;&#8211; automatyczne sterowanie postaw\u0105 cia\u0142a<\/p>\n\n\n\n<p>&nbsp;&#8211; mechanizmy podporowo-wyprostne<\/p>\n\n\n\n<p>&nbsp;&#8211; ruch fazowy<\/p>\n\n\n\n<p>4 Stymulacja o\u015brodkowego uk\u0142adu nerwowego \u2013 wykorzystanie plastyczno\u015bci m\u00f3zgu<\/p>\n\n\n\n<p>5 \u015acis\u0142a wsp\u00f3\u0142praca z rodzicami :<\/p>\n\n\n\n<p>&#8211; oczekiwania rodzic\u00f3w\/oczekiwania terapeuty\/oczekiwania lekarza<\/p>\n\n\n\n<p>&#8211; cel terapii<\/p>\n\n\n\n<p>&#8211; plan terapii<\/p>\n\n\n\n<p>&#8211; realizacja terapii w domu<\/p>\n\n\n\n<p>&#8211; mo\u017cliwo\u015bci rodziny<\/p>\n\n\n\n<p>&#8211; wsp\u00f3\u0142praca z lekarzami\/ wsp\u00f3lne cale<\/p>\n\n\n\n<p>&#8211; wsp\u00f3\u0142praca z innymi specjalistami zajmuj\u0105cymi si\u0119 dzieckiem\/ wsp\u00f3lne cele<\/p>\n\n\n\n<p>W centrum terapii metod\u0105 Vojty (ale te\u017c ka\u017cdej innej terapii) stoi dziecko z szczeg\u00f3lnymi potrzebami. Rodzice oraz specjali\u015bci maj\u0105 obowi\u0105zek wspiera\u0107 dziecko z szacunkiem dla jego ogranicze\u0144, swoistego tempa rozwoju, temperamentu.<\/p>\n\n\n\n<p>Spokojnie mu towarzyszy\u0107 bez po\u015bpiechu z uwa\u017cno\u015bci\u0105 i wyrozumia\u0142o\u015bci\u0105 .<\/p>\n","protected":false},"excerpt":{"rendered":"<p>Terapia metod\u0105 Vojty stanowi jedn\u0105 z uznanych na \u015bwiecie metod neurofizjoterapii, stosowan\u0105 w diagnostyce oraz usprawnianiu pacjent\u00f3w z zburzeniami rozwoju psychoruchowego i dysfunkcjami uk\u0142adu nerwowego. Jej podstawy teoretyczne opieraj\u0105 si\u0119 na koncepcji odruchowej lokomocji, zak\u0142adaj\u0105cej istnienie wrodzonych, genetycznie zaprogramowanych wzorc\u00f3w ruchowych, odruchowego obrotu i odruchowego pe\u0142zania, kt\u00f3re mog\u0105 zosta\u0107 aktywowane poprzez precyzyjn\u0105 stymulacj\u0119 okre\u015blonych stref [&hellip;]<\/p>\n","protected":false},"author":794,"featured_media":0,"parent":0,"menu_order":0,"comment_status":"closed","ping_status":"closed","template":"","meta":{"_bbp_topic_count":0,"_bbp_reply_count":0,"_bbp_total_topic_count":0,"_bbp_total_reply_count":0,"_bbp_voice_count":0,"_bbp_anonymous_reply_count":0,"_bbp_topic_count_hidden":0,"_bbp_reply_count_hidden":0,"_bbp_forum_subforum_count":0,"footnotes":""},"class_list":["post-12542","page","type-page","status-publish","hentry"],"_links":{"self":[{"href":"https:\/\/www.vojta.com.pl\/index.php\/wp-json\/wp\/v2\/pages\/12542","targetHints":{"allow":["GET"]}}],"collection":[{"href":"https:\/\/www.vojta.com.pl\/index.php\/wp-json\/wp\/v2\/pages"}],"about":[{"href":"https:\/\/www.vojta.com.pl\/index.php\/wp-json\/wp\/v2\/types\/page"}],"author":[{"embeddable":true,"href":"https:\/\/www.vojta.com.pl\/index.php\/wp-json\/wp\/v2\/users\/794"}],"replies":[{"embeddable":true,"href":"https:\/\/www.vojta.com.pl\/index.php\/wp-json\/wp\/v2\/comments?post=12542"}],"version-history":[{"count":1,"href":"https:\/\/www.vojta.com.pl\/index.php\/wp-json\/wp\/v2\/pages\/12542\/revisions"}],"predecessor-version":[{"id":12543,"href":"https:\/\/www.vojta.com.pl\/index.php\/wp-json\/wp\/v2\/pages\/12542\/revisions\/12543"}],"wp:attachment":[{"href":"https:\/\/www.vojta.com.pl\/index.php\/wp-json\/wp\/v2\/media?parent=12542"}],"curies":[{"name":"wp","href":"https:\/\/api.w.org\/{rel}","templated":true}]}}