{"id":1259,"date":"2017-03-13T21:47:35","date_gmt":"2017-03-13T20:47:35","guid":{"rendered":"https:\/\/www.vojta.com.pl\/?page_id=1259"},"modified":"2019-11-25T13:03:26","modified_gmt":"2019-11-25T12:03:26","slug":"oddzialy","status":"publish","type":"page","link":"https:\/\/www.vojta.com.pl\/index.php\/oddzialy\/","title":{"rendered":"Oddzia\u0142y"},"content":{"rendered":"<ul>\n<li><img loading=\"lazy\" decoding=\"async\" class=\" wp-image-3323 aligncenter\" src=\"https:\/\/www.vojta.com.pl\/wp-content\/uploads\/2018\/10\/map.jpg\" alt=\"\" width=\"246\" height=\"221\" srcset=\"https:\/\/www.vojta.com.pl\/wp-content\/uploads\/2018\/10\/map.jpg 378w, https:\/\/www.vojta.com.pl\/wp-content\/uploads\/2018\/10\/map-300x269.jpg 300w\" sizes=\"auto, (max-width: 246px) 100vw, 246px\" \/><\/li>\n<\/ul>\n<p style=\"text-align: center;\">Wybierz Oddzia\u0142 Polskiego Towarzystwa Terapeut\u00f3w Metody Vojty :<\/p>\n<ul>\n<li style=\"text-align: center;\"><a href=\"https:\/\/www.vojta.com.pl\/index.php\/oddzialy\/dolnoslaski\/\">Dolno\u015bl\u0105ski<\/a><\/li>\n<li style=\"text-align: center;\"><a href=\"https:\/\/www.vojta.com.pl\/index.php\/oddzialy\/kujawsko-pomorski\/\">Kujawsko-Pomorski<\/a><\/li>\n<li style=\"text-align: center;\"><a href=\"https:\/\/www.vojta.com.pl\/index.php\/oddzialy\/lodzki\/\">\u0141\u00f3dzki<\/a><\/li>\n<li style=\"text-align: center;\"><a href=\"https:\/\/www.vojta.com.pl\/index.php\/oddzialy\/malopolski\/\">Ma\u0142opolski<\/a><\/li>\n<li style=\"text-align: center;\"><a href=\"https:\/\/www.vojta.com.pl\/index.php\/oddzialy\/mazowiecki\/\">Mazowiecki<\/a><\/li>\n<li style=\"text-align: center;\"><a href=\"https:\/\/www.vojta.com.pl\/index.php\/oddzial-podkarpacki\/\">Podkarpacki<\/a><\/li>\n<li style=\"text-align: center;\"><a href=\"https:\/\/www.vojta.com.pl\/index.php\/oddzialy\/pomorski\/\">Pomorski<\/a><\/li>\n<li style=\"text-align: center;\"><a href=\"https:\/\/www.vojta.com.pl\/index.php\/oddzialy\/slaski\/\">\u015al\u0105ski<\/a><\/li>\n<li style=\"text-align: center;\"><a href=\"https:\/\/www.vojta.com.pl\/index.php\/oddzialy\/oddzial-wielkopolski\/\">Wielkopolski<\/a><\/li>\n<li style=\"text-align: center;\"><a href=\"https:\/\/www.vojta.com.pl\/index.php\/oddzialy\/1544-2\/\">Zachodniopomorski<\/a><\/li>\n<\/ul>\n","protected":false},"excerpt":{"rendered":"<p>Wybierz Oddzia\u0142 Polskiego Towarzystwa Terapeut\u00f3w Metody Vojty : Dolno\u015bl\u0105ski Kujawsko-Pomorski \u0141\u00f3dzki Ma\u0142opolski Mazowiecki Podkarpacki Pomorski \u015al\u0105ski Wielkopolski Zachodniopomorski<\/p>\n","protected":false},"author":1,"featured_media":0,"parent":0,"menu_order":0,"comment_status":"closed","ping_status":"closed","template":"","meta":{"_bbp_topic_count":0,"_bbp_reply_count":0,"_bbp_total_topic_count":0,"_bbp_total_reply_count":0,"_bbp_voice_count":0,"_bbp_anonymous_reply_count":0,"_bbp_topic_count_hidden":0,"_bbp_reply_count_hidden":0,"_bbp_forum_subforum_count":0,"footnotes":""},"class_list":["post-1259","page","type-page","status-publish","hentry"],"_links":{"self":[{"href":"https:\/\/www.vojta.com.pl\/index.php\/wp-json\/wp\/v2\/pages\/1259","targetHints":{"allow":["GET"]}}],"collection":[{"href":"https:\/\/www.vojta.com.pl\/index.php\/wp-json\/wp\/v2\/pages"}],"about":[{"href":"https:\/\/www.vojta.com.pl\/index.php\/wp-json\/wp\/v2\/types\/page"}],"author":[{"embeddable":true,"href":"https:\/\/www.vojta.com.pl\/index.php\/wp-json\/wp\/v2\/users\/1"}],"replies":[{"embeddable":true,"href":"https:\/\/www.vojta.com.pl\/index.php\/wp-json\/wp\/v2\/comments?post=1259"}],"version-history":[{"count":10,"href":"https:\/\/www.vojta.com.pl\/index.php\/wp-json\/wp\/v2\/pages\/1259\/revisions"}],"predecessor-version":[{"id":4794,"href":"https:\/\/www.vojta.com.pl\/index.php\/wp-json\/wp\/v2\/pages\/1259\/revisions\/4794"}],"wp:attachment":[{"href":"https:\/\/www.vojta.com.pl\/index.php\/wp-json\/wp\/v2\/media?parent=1259"}],"curies":[{"name":"wp","href":"https:\/\/api.w.org\/{rel}","templated":true}]}}