{"id":1264,"date":"2017-03-13T22:00:59","date_gmt":"2017-03-13T21:00:59","guid":{"rendered":"https:\/\/www.vojta.com.pl\/?page_id=1264"},"modified":"2021-05-25T23:36:04","modified_gmt":"2021-05-25T21:36:04","slug":"dolnoslaski","status":"publish","type":"page","link":"https:\/\/www.vojta.com.pl\/index.php\/oddzialy\/dolnoslaski\/","title":{"rendered":"Dolno\u015bl\u0105ski"},"content":{"rendered":"\n<p>Koordynator :&nbsp;mgr&nbsp;<a href=\"https:\/\/www.vojta.com.pl\/index.php\/lista\/wojewodztwo-dolnoslaskie\/anna-gorecka\/\"><strong>Anna G\u00f3recka<\/strong><\/a>&nbsp;\u2013 tel : 695213506,&nbsp;email:&nbsp;<a href=\"mailto:annagorecka@icloud.com\">annagorecka@icloud.com<\/a><\/p>\n\n\n\n<p>Z-ca koordynatora :<\/p>\n\n\n\n<figure class=\"wp-block-embed\"><div class=\"wp-block-embed__wrapper\">\n<blockquote class=\"wp-embedded-content\" data-secret=\"1gUFlQfxHH\"><a href=\"https:\/\/www.vojta.com.pl\/index.php\/2021\/05\/25\/relacja-z-ag-oddzial-dolnoslaski\/\">Relacja z AG- Oddzia\u0142 Dolno\u015bl\u0105ski<\/a><\/blockquote><iframe loading=\"lazy\" class=\"wp-embedded-content\" sandbox=\"allow-scripts\" security=\"restricted\" style=\"position: absolute; clip: rect(1px, 1px, 1px, 1px);\" title=\"&#8222;Relacja z AG- Oddzia\u0142 Dolno\u015bl\u0105ski&#8221; &#8212; \" src=\"https:\/\/www.vojta.com.pl\/index.php\/2021\/05\/25\/relacja-z-ag-oddzial-dolnoslaski\/embed\/#?secret=1gUFlQfxHH\" data-secret=\"1gUFlQfxHH\" width=\"600\" height=\"338\" frameborder=\"0\" marginwidth=\"0\" marginheight=\"0\" scrolling=\"no\"><\/iframe>\n<\/div><\/figure>\n\n\n\n<figure class=\"wp-block-embed is-type-wp-embed is-provider-osadz wp-block-embed-osadz\"><div class=\"wp-block-embed__wrapper\">\n<blockquote class=\"wp-embedded-content\" data-secret=\"23PcdAlNNL\"><a href=\"https:\/\/www.vojta.com.pl\/index.php\/2021\/04\/14\/ag-wroclaw-22-05\/\">AG &#8211; Wroc\u0142aw 22.05<\/a><\/blockquote><iframe loading=\"lazy\" class=\"wp-embedded-content\" sandbox=\"allow-scripts\" security=\"restricted\" style=\"position: absolute; clip: rect(1px, 1px, 1px, 1px);\" title=\"&#8222;AG &#8211; Wroc\u0142aw 22.05&#8221; &#8212; \" src=\"https:\/\/www.vojta.com.pl\/index.php\/2021\/04\/14\/ag-wroclaw-22-05\/embed\/#?secret=23PcdAlNNL\" data-secret=\"23PcdAlNNL\" width=\"600\" height=\"338\" frameborder=\"0\" marginwidth=\"0\" marginheight=\"0\" scrolling=\"no\"><\/iframe>\n<\/div><\/figure>\n\n\n\n<figure class=\"wp-block-embed is-type-wp-embed is-provider-wordpress wp-block-embed-wordpress\"><div class=\"wp-block-embed__wrapper\">\n<blockquote class=\"wp-embedded-content\" data-secret=\"OFhPPFddIM\"><a href=\"https:\/\/www.vojta.com.pl\/index.php\/2020\/02\/26\/pacjent-ortopedyczny-cel-i-plan-terapii-wroclaw\/\">Pacjent ortopedyczny, cel i plan terapii &#8211; Wroc\u0142aw<\/a><\/blockquote><iframe loading=\"lazy\" class=\"wp-embedded-content\" sandbox=\"allow-scripts\" security=\"restricted\" style=\"position: absolute; clip: rect(1px, 1px, 1px, 1px);\" title=\"&#8222;Pacjent ortopedyczny, cel i plan terapii &#8211; Wroc\u0142aw&#8221; &#8212; \" src=\"https:\/\/www.vojta.com.pl\/index.php\/2020\/02\/26\/pacjent-ortopedyczny-cel-i-plan-terapii-wroclaw\/embed\/#?secret=OFhPPFddIM\" data-secret=\"OFhPPFddIM\" width=\"600\" height=\"338\" frameborder=\"0\" marginwidth=\"0\" marginheight=\"0\" scrolling=\"no\"><\/iframe>\n<\/div><\/figure>\n\n\n\n<figure class=\"wp-block-embed is-type-wp-embed is-provider-wordpress wp-block-embed-wordpress\"><div class=\"wp-block-embed__wrapper\">\n<blockquote class=\"wp-embedded-content\" data-secret=\"RAS99nBZlu\"><a href=\"https:\/\/www.vojta.com.pl\/index.php\/2019\/11\/15\/relacja-spotkania-oddzialu-dolnoslaskiego-04-11-19\/\">Relacja spotkania Oddzia\u0142u Dolno\u015bl\u0105skiego &#8211; 04.11.19<\/a><\/blockquote><iframe loading=\"lazy\" class=\"wp-embedded-content\" sandbox=\"allow-scripts\" security=\"restricted\" style=\"position: absolute; clip: rect(1px, 1px, 1px, 1px);\" title=\"&#8222;Relacja spotkania Oddzia\u0142u Dolno\u015bl\u0105skiego &#8211; 04.11.19&#8221; &#8212; \" src=\"https:\/\/www.vojta.com.pl\/index.php\/2019\/11\/15\/relacja-spotkania-oddzialu-dolnoslaskiego-04-11-19\/embed\/#?secret=RAS99nBZlu\" data-secret=\"RAS99nBZlu\" width=\"600\" height=\"338\" frameborder=\"0\" marginwidth=\"0\" marginheight=\"0\" scrolling=\"no\"><\/iframe>\n<\/div><\/figure>\n\n\n\n<figure class=\"wp-block-embed is-type-wp-embed is-provider-wordpress wp-block-embed-wordpress\"><div class=\"wp-block-embed__wrapper\">\n<blockquote class=\"wp-embedded-content\" data-secret=\"LFdEN8kcCB\"><a href=\"https:\/\/www.vojta.com.pl\/index.php\/2019\/10\/16\/spotkanie-lekarzy-i-terapeutow-04-11-2019\/\">Spotkanie lekarzy i terapeut\u00f3w 04.11.2019<\/a><\/blockquote><iframe loading=\"lazy\" class=\"wp-embedded-content\" sandbox=\"allow-scripts\" security=\"restricted\" style=\"position: absolute; clip: rect(1px, 1px, 1px, 1px);\" title=\"&#8222;Spotkanie lekarzy i terapeut\u00f3w 04.11.2019&#8221; &#8212; \" src=\"https:\/\/www.vojta.com.pl\/index.php\/2019\/10\/16\/spotkanie-lekarzy-i-terapeutow-04-11-2019\/embed\/#?secret=LFdEN8kcCB\" data-secret=\"LFdEN8kcCB\" width=\"600\" height=\"338\" frameborder=\"0\" marginwidth=\"0\" marginheight=\"0\" scrolling=\"no\"><\/iframe>\n<\/div><\/figure>\n\n\n\n<figure class=\"wp-block-embed is-type-rich is-provider-wordpress wp-block-embed-wordpress\"><div class=\"wp-block-embed__wrapper\">\n<blockquote class=\"wp-embedded-content\" data-secret=\"NFJXr1olJK\"><a href=\"https:\/\/www.vojta.com.pl\/index.php\/2019\/03\/15\/ag-wroclaw-05-04-2019-analiza-pacjentow-i-dobor-terapii\/\">Ag Wroc\u0142aw &#8211; 05.04.2019 &#8211; Analiza pacjent\u00f3w i dob\u00f3r terapii<\/a><\/blockquote><iframe loading=\"lazy\" class=\"wp-embedded-content\" sandbox=\"allow-scripts\" security=\"restricted\" style=\"position: absolute; clip: rect(1px, 1px, 1px, 1px);\" title=\"&#8222;Ag Wroc\u0142aw &#8211; 05.04.2019 &#8211; Analiza pacjent\u00f3w i dob\u00f3r terapii&#8221; &#8212; \" src=\"https:\/\/www.vojta.com.pl\/index.php\/2019\/03\/15\/ag-wroclaw-05-04-2019-analiza-pacjentow-i-dobor-terapii\/embed\/#?secret=NFJXr1olJK\" data-secret=\"NFJXr1olJK\" width=\"600\" height=\"338\" frameborder=\"0\" marginwidth=\"0\" marginheight=\"0\" scrolling=\"no\"><\/iframe>\n<\/div><\/figure>\n\n\n<p><\/p>\n<p><blockquote class=\"wp-embedded-content\" data-secret=\"akLmKj8fuz\"><a href=\"https:\/\/www.vojta.com.pl\/index.php\/2018\/04\/17\/ag-wroclaw-19-05-2018\/\">AG Wroc\u0142aw 19.05.2018<\/a><\/blockquote><iframe loading=\"lazy\" class=\"wp-embedded-content\" sandbox=\"allow-scripts\" security=\"restricted\" style=\"position: absolute; clip: rect(1px, 1px, 1px, 1px);\" title=\"&#8222;AG Wroc\u0142aw 19.05.2018&#8221; &#8212; \" src=\"https:\/\/www.vojta.com.pl\/index.php\/2018\/04\/17\/ag-wroclaw-19-05-2018\/embed\/#?secret=akLmKj8fuz\" data-secret=\"akLmKj8fuz\" width=\"600\" height=\"338\" frameborder=\"0\" marginwidth=\"0\" marginheight=\"0\" scrolling=\"no\"><\/iframe><\/p>\n<p><blockquote class=\"wp-embedded-content\" data-secret=\"tTwhbSN3lI\"><a href=\"https:\/\/www.vojta.com.pl\/index.php\/2018\/03\/10\/ag-16-02-2018-wroclaw-relacja\/\">AG 16.02.2018 Wroc\u0142aw &#8211; relacja<\/a><\/blockquote><iframe loading=\"lazy\" class=\"wp-embedded-content\" sandbox=\"allow-scripts\" security=\"restricted\" style=\"position: absolute; clip: rect(1px, 1px, 1px, 1px);\" title=\"&#8222;AG 16.02.2018 Wroc\u0142aw &#8211; relacja&#8221; &#8212; \" src=\"https:\/\/www.vojta.com.pl\/index.php\/2018\/03\/10\/ag-16-02-2018-wroclaw-relacja\/embed\/#?secret=tTwhbSN3lI\" data-secret=\"tTwhbSN3lI\" width=\"600\" height=\"338\" frameborder=\"0\" marginwidth=\"0\" marginheight=\"0\" scrolling=\"no\"><\/iframe><\/p>\n<p><blockquote class=\"wp-embedded-content\" data-secret=\"D691pqzqG4\"><a href=\"https:\/\/www.vojta.com.pl\/index.php\/2017\/07\/10\/ag-wroclaw-relacja-30-06\/\">AG Wroc\u0142aw &#8211; relacja 30.06<\/a><\/blockquote><iframe loading=\"lazy\" class=\"wp-embedded-content\" sandbox=\"allow-scripts\" security=\"restricted\" style=\"position: absolute; clip: rect(1px, 1px, 1px, 1px);\" title=\"&#8222;AG Wroc\u0142aw &#8211; relacja 30.06&#8221; &#8212; \" src=\"https:\/\/www.vojta.com.pl\/index.php\/2017\/07\/10\/ag-wroclaw-relacja-30-06\/embed\/#?secret=D691pqzqG4\" data-secret=\"D691pqzqG4\" width=\"600\" height=\"338\" frameborder=\"0\" marginwidth=\"0\" marginheight=\"0\" scrolling=\"no\"><\/iframe><\/p>\n<p><blockquote class=\"wp-embedded-content\" data-secret=\"KLhTGJcshm\"><a href=\"https:\/\/www.vojta.com.pl\/index.php\/2017\/04\/25\/ag-wroclaw-30-06-2017-ontogeneza-oraz-zawartosc-kinezjologiczna-odruchowej-lokomocji\/\">AG &#8211; Wroc\u0142aw &#8211; 30.06.2017 &#8211; Ontogeneza oraz zawarto\u015b\u0107 kinezjologiczna odruchowej lokomocji.<\/a><\/blockquote><iframe loading=\"lazy\" class=\"wp-embedded-content\" sandbox=\"allow-scripts\" security=\"restricted\" style=\"position: absolute; clip: rect(1px, 1px, 1px, 1px);\" title=\"&#8222;AG &#8211; Wroc\u0142aw &#8211; 30.06.2017 &#8211; Ontogeneza oraz zawarto\u015b\u0107 kinezjologiczna odruchowej lokomocji.&#8221; &#8212; \" src=\"https:\/\/www.vojta.com.pl\/index.php\/2017\/04\/25\/ag-wroclaw-30-06-2017-ontogeneza-oraz-zawartosc-kinezjologiczna-odruchowej-lokomocji\/embed\/#?secret=KLhTGJcshm\" data-secret=\"KLhTGJcshm\" width=\"600\" height=\"338\" frameborder=\"0\" marginwidth=\"0\" marginheight=\"0\" scrolling=\"no\"><\/iframe><\/p>\n<p>https:\/\/www.vojta.com.pl\/index.php\/2017\/04\/09\/ag-wroclaw-6-05-2017\/<\/p>\n<p><blockquote class=\"wp-embedded-content\" data-secret=\"j0HhuGV9bC\"><a href=\"https:\/\/www.vojta.com.pl\/index.php\/2017\/02\/13\/oddzial-dolnoslaski\/\">Oddzia\u0142 Dolno\u015bl\u0105ski<\/a><\/blockquote><iframe loading=\"lazy\" class=\"wp-embedded-content\" sandbox=\"allow-scripts\" security=\"restricted\" style=\"position: absolute; clip: rect(1px, 1px, 1px, 1px);\" title=\"&#8222;Oddzia\u0142 Dolno\u015bl\u0105ski&#8221; &#8212; \" src=\"https:\/\/www.vojta.com.pl\/index.php\/2017\/02\/13\/oddzial-dolnoslaski\/embed\/#?secret=j0HhuGV9bC\" data-secret=\"j0HhuGV9bC\" width=\"600\" height=\"338\" frameborder=\"0\" marginwidth=\"0\" marginheight=\"0\" scrolling=\"no\"><\/iframe><\/p>\n<p>https:\/\/www.vojta.com.pl\/index.php\/2017\/02\/13\/28-01-2017\/<\/p>\n<p>https:\/\/www.vojta.com.pl\/index.php\/2016\/12\/19\/relacja-z-warsztatow\/<\/p>\n\n\n<figure class=\"wp-block-embed is-type-rich is-provider-wordpress wp-block-embed-wordpress\"><div class=\"wp-block-embed__wrapper\">\n<blockquote class=\"wp-embedded-content\" data-secret=\"NFJXr1olJK\"><a href=\"https:\/\/www.vojta.com.pl\/index.php\/2019\/03\/15\/ag-wroclaw-05-04-2019-analiza-pacjentow-i-dobor-terapii\/\">Ag Wroc\u0142aw &#8211; 05.04.2019 &#8211; Analiza pacjent\u00f3w i dob\u00f3r terapii<\/a><\/blockquote><iframe loading=\"lazy\" class=\"wp-embedded-content\" sandbox=\"allow-scripts\" security=\"restricted\" style=\"position: absolute; clip: rect(1px, 1px, 1px, 1px);\" title=\"&#8222;Ag Wroc\u0142aw &#8211; 05.04.2019 &#8211; Analiza pacjent\u00f3w i dob\u00f3r terapii&#8221; &#8212; \" src=\"https:\/\/www.vojta.com.pl\/index.php\/2019\/03\/15\/ag-wroclaw-05-04-2019-analiza-pacjentow-i-dobor-terapii\/embed\/#?secret=NFJXr1olJK\" data-secret=\"NFJXr1olJK\" width=\"600\" height=\"338\" frameborder=\"0\" marginwidth=\"0\" marginheight=\"0\" scrolling=\"no\"><\/iframe>\n<\/div><\/figure>\n","protected":false},"excerpt":{"rendered":"<p>Koordynator :&nbsp;mgr&nbsp;Anna G\u00f3recka&nbsp;\u2013 tel : 695213506,&nbsp;email:&nbsp;annagorecka@icloud.com Z-ca koordynatora : AG Wroc\u0142aw 19.05.2018 AG 16.02.2018 Wroc\u0142aw &#8211; relacja AG Wroc\u0142aw &#8211; relacja 30.06 AG &#8211; Wroc\u0142aw &#8211; 30.06.2017 &#8211; Ontogeneza oraz zawarto\u015b\u0107 kinezjologiczna odruchowej lokomocji. https:\/\/www.vojta.com.pl\/index.php\/2017\/04\/09\/ag-wroclaw-6-05-2017\/ https:\/\/www.vojta.com.pl\/index.php\/2017\/02\/13\/28-01-2017\/ https:\/\/www.vojta.com.pl\/index.php\/2016\/12\/19\/relacja-z-warsztatow\/<\/p>\n","protected":false},"author":1,"featured_media":0,"parent":1259,"menu_order":0,"comment_status":"closed","ping_status":"closed","template":"","meta":{"_bbp_topic_count":0,"_bbp_reply_count":0,"_bbp_total_topic_count":0,"_bbp_total_reply_count":0,"_bbp_voice_count":0,"_bbp_anonymous_reply_count":0,"_bbp_topic_count_hidden":0,"_bbp_reply_count_hidden":0,"_bbp_forum_subforum_count":0,"footnotes":""},"class_list":["post-1264","page","type-page","status-publish","hentry"],"_links":{"self":[{"href":"https:\/\/www.vojta.com.pl\/index.php\/wp-json\/wp\/v2\/pages\/1264","targetHints":{"allow":["GET"]}}],"collection":[{"href":"https:\/\/www.vojta.com.pl\/index.php\/wp-json\/wp\/v2\/pages"}],"about":[{"href":"https:\/\/www.vojta.com.pl\/index.php\/wp-json\/wp\/v2\/types\/page"}],"author":[{"embeddable":true,"href":"https:\/\/www.vojta.com.pl\/index.php\/wp-json\/wp\/v2\/users\/1"}],"replies":[{"embeddable":true,"href":"https:\/\/www.vojta.com.pl\/index.php\/wp-json\/wp\/v2\/comments?post=1264"}],"version-history":[{"count":26,"href":"https:\/\/www.vojta.com.pl\/index.php\/wp-json\/wp\/v2\/pages\/1264\/revisions"}],"predecessor-version":[{"id":5498,"href":"https:\/\/www.vojta.com.pl\/index.php\/wp-json\/wp\/v2\/pages\/1264\/revisions\/5498"}],"up":[{"embeddable":true,"href":"https:\/\/www.vojta.com.pl\/index.php\/wp-json\/wp\/v2\/pages\/1259"}],"wp:attachment":[{"href":"https:\/\/www.vojta.com.pl\/index.php\/wp-json\/wp\/v2\/media?parent=1264"}],"curies":[{"name":"wp","href":"https:\/\/api.w.org\/{rel}","templated":true}]}}