{"id":1274,"date":"2017-03-13T22:08:28","date_gmt":"2017-03-13T21:08:28","guid":{"rendered":"https:\/\/www.vojta.com.pl\/?page_id=1274"},"modified":"2017-11-29T12:04:30","modified_gmt":"2017-11-29T11:04:30","slug":"pomorski","status":"publish","type":"page","link":"https:\/\/www.vojta.com.pl\/index.php\/oddzialy\/pomorski\/","title":{"rendered":"Pomorski"},"content":{"rendered":"<p>Koordynator: MIRELA KOZAKIEWICZ email:&nbsp;<a href=\"mailto:j.kozakiewicz96@upcpoczta.pl\">j.kozakiewicz96@upcpoczta.pl<\/a>&nbsp;tel: 501 893 187<\/p>\n<p>Z-ca koordynatora: BO\u017bENA BERENT email:&nbsp;<a href=\"mailto:btberent@wp.pl\">btberent@wp.pl<\/a>&nbsp;tel: 506 877 157<\/p>\n<blockquote class=\"wp-embedded-content\" data-secret=\"X4OE0j824C\"><p><a href=\"https:\/\/www.vojta.com.pl\/index.php\/2017\/11\/27\/spotkanie-oddzialu-pomorskiego-i-warminsko-mazurskiego-23-24-11\/\">Spotkanie Oddzia\u0142u Pomorskiego i Warmi\u0144sko\u2013Mazurskiego 23-24.11<\/a><\/p><\/blockquote>\n<p><iframe loading=\"lazy\" class=\"wp-embedded-content\" sandbox=\"allow-scripts\" security=\"restricted\" style=\"position: absolute; clip: rect(1px, 1px, 1px, 1px);\" src=\"https:\/\/www.vojta.com.pl\/index.php\/2017\/11\/27\/spotkanie-oddzialu-pomorskiego-i-warminsko-mazurskiego-23-24-11\/embed\/#?secret=X4OE0j824C\" data-secret=\"X4OE0j824C\" width=\"600\" height=\"338\" title=\"&#8222;Spotkanie Oddzia\u0142u Pomorskiego i Warmi\u0144sko\u2013Mazurskiego 23-24.11&#8221; &#8212; \" frameborder=\"0\" marginwidth=\"0\" marginheight=\"0\" scrolling=\"no\"><\/iframe><\/p>\n<blockquote class=\"wp-embedded-content\" data-secret=\"t5c7w85tfb\"><p><a href=\"https:\/\/www.vojta.com.pl\/index.php\/2017\/07\/10\/ag-elblag-relacja-09-07\/\">AG Elbl\u0105g &#8211; relacja 09.07<\/a><\/p><\/blockquote>\n<p><iframe loading=\"lazy\" class=\"wp-embedded-content\" sandbox=\"allow-scripts\" security=\"restricted\" style=\"position: absolute; clip: rect(1px, 1px, 1px, 1px);\" src=\"https:\/\/www.vojta.com.pl\/index.php\/2017\/07\/10\/ag-elblag-relacja-09-07\/embed\/#?secret=t5c7w85tfb\" data-secret=\"t5c7w85tfb\" width=\"600\" height=\"338\" title=\"&#8222;AG Elbl\u0105g &#8211; relacja 09.07&#8221; &#8212; \" frameborder=\"0\" marginwidth=\"0\" marginheight=\"0\" scrolling=\"no\"><\/iframe><\/p>\n<blockquote class=\"wp-embedded-content\" data-secret=\"cQDRUSRNFN\"><p><a href=\"https:\/\/www.vojta.com.pl\/index.php\/oddzialy\/pomorski\/zmiana-terminu-spotkania-oddzialu-pomorskiego\/\">Zmiana terminu spotkania Oddzia\u0142u Pomorskiego<\/a><\/p><\/blockquote>\n<p><iframe loading=\"lazy\" class=\"wp-embedded-content\" sandbox=\"allow-scripts\" security=\"restricted\" style=\"position: absolute; clip: rect(1px, 1px, 1px, 1px);\" src=\"https:\/\/www.vojta.com.pl\/index.php\/oddzialy\/pomorski\/zmiana-terminu-spotkania-oddzialu-pomorskiego\/embed\/#?secret=cQDRUSRNFN\" data-secret=\"cQDRUSRNFN\" width=\"600\" height=\"338\" title=\"&#8222;Zmiana terminu spotkania Oddzia\u0142u Pomorskiego&#8221; &#8212; \" frameborder=\"0\" marginwidth=\"0\" marginheight=\"0\" scrolling=\"no\"><\/iframe><\/p>\n<blockquote class=\"wp-embedded-content\" data-secret=\"zY5QzyNQcD\"><p><a href=\"https:\/\/www.vojta.com.pl\/index.php\/2017\/03\/21\/pomorski-oddzial-polskiego-towarzystwa-terapeutow-metody-vojty\/\">Pomorski Oddzia\u0142 Polskiego Towarzystwa Terapeut\u00f3w Metody Vojty<\/a><\/p><\/blockquote>\n<p><iframe loading=\"lazy\" class=\"wp-embedded-content\" sandbox=\"allow-scripts\" security=\"restricted\" style=\"position: absolute; clip: rect(1px, 1px, 1px, 1px);\" src=\"https:\/\/www.vojta.com.pl\/index.php\/2017\/03\/21\/pomorski-oddzial-polskiego-towarzystwa-terapeutow-metody-vojty\/embed\/#?secret=zY5QzyNQcD\" data-secret=\"zY5QzyNQcD\" width=\"600\" height=\"338\" title=\"&#8222;Pomorski Oddzia\u0142 Polskiego Towarzystwa Terapeut\u00f3w Metody Vojty&#8221; &#8212; \" frameborder=\"0\" marginwidth=\"0\" marginheight=\"0\" scrolling=\"no\"><\/iframe><\/p>\n","protected":false},"excerpt":{"rendered":"<p>Koordynator: MIRELA KOZAKIEWICZ email:&nbsp;j.kozakiewicz96@upcpoczta.pl&nbsp;tel: 501 893 187 Z-ca koordynatora: BO\u017bENA BERENT email:&nbsp;btberent@wp.pl&nbsp;tel: 506 877 157 Spotkanie Oddzia\u0142u Pomorskiego i Warmi\u0144sko\u2013Mazurskiego 23-24.11 AG Elbl\u0105g &#8211; relacja 09.07 Zmiana terminu spotkania Oddzia\u0142u Pomorskiego Pomorski Oddzia\u0142 Polskiego Towarzystwa Terapeut\u00f3w Metody Vojty<\/p>\n","protected":false},"author":1,"featured_media":0,"parent":1259,"menu_order":0,"comment_status":"closed","ping_status":"closed","template":"","meta":{"_bbp_topic_count":0,"_bbp_reply_count":0,"_bbp_total_topic_count":0,"_bbp_total_reply_count":0,"_bbp_voice_count":0,"_bbp_anonymous_reply_count":0,"_bbp_topic_count_hidden":0,"_bbp_reply_count_hidden":0,"_bbp_forum_subforum_count":0,"footnotes":""},"class_list":["post-1274","page","type-page","status-publish","hentry"],"_links":{"self":[{"href":"https:\/\/www.vojta.com.pl\/index.php\/wp-json\/wp\/v2\/pages\/1274","targetHints":{"allow":["GET"]}}],"collection":[{"href":"https:\/\/www.vojta.com.pl\/index.php\/wp-json\/wp\/v2\/pages"}],"about":[{"href":"https:\/\/www.vojta.com.pl\/index.php\/wp-json\/wp\/v2\/types\/page"}],"author":[{"embeddable":true,"href":"https:\/\/www.vojta.com.pl\/index.php\/wp-json\/wp\/v2\/users\/1"}],"replies":[{"embeddable":true,"href":"https:\/\/www.vojta.com.pl\/index.php\/wp-json\/wp\/v2\/comments?post=1274"}],"version-history":[{"count":9,"href":"https:\/\/www.vojta.com.pl\/index.php\/wp-json\/wp\/v2\/pages\/1274\/revisions"}],"predecessor-version":[{"id":2208,"href":"https:\/\/www.vojta.com.pl\/index.php\/wp-json\/wp\/v2\/pages\/1274\/revisions\/2208"}],"up":[{"embeddable":true,"href":"https:\/\/www.vojta.com.pl\/index.php\/wp-json\/wp\/v2\/pages\/1259"}],"wp:attachment":[{"href":"https:\/\/www.vojta.com.pl\/index.php\/wp-json\/wp\/v2\/media?parent=1274"}],"curies":[{"name":"wp","href":"https:\/\/api.w.org\/{rel}","templated":true}]}}