{"id":1670,"date":"2017-05-24T12:04:15","date_gmt":"2017-05-24T10:04:15","guid":{"rendered":"https:\/\/www.vojta.com.pl\/?page_id=1670"},"modified":"2017-06-08T22:20:34","modified_gmt":"2017-06-08T20:20:34","slug":"zmiana-terminu-spotkania-oddzialu-pomorskiego","status":"publish","type":"page","link":"https:\/\/www.vojta.com.pl\/index.php\/oddzialy\/pomorski\/zmiana-terminu-spotkania-oddzialu-pomorskiego\/","title":{"rendered":"Zmiana terminu spotkania Oddzia\u0142u Pomorskiego"},"content":{"rendered":"<p>Spotkanie Pomorskiego Oddzia\u0142u Polskiego Towarzystwa Terapeut\u00f3w Metody Vojty ustalone na dzie\u0144 20.05.2017 \u00a0zostaje przeniesione na\u00a0<b>11.06.20017<\/b>.<\/p>\n<p>B\u0119dzie nam niezmiernie mi\u0142o go\u015bci\u0107 Pani\u0105 lek. med. Ma\u0142gorzat\u0119 Mrozi\u0144ska, kt\u00f3ry przybli\u017cy nam Diagnostyk\u0119 neurorozwojow\u0105 wed\u0142ug Vojty. W ramach spotkania przewidziane jest om\u00f3wienie i terapia dzieci.<\/p>\n<p><strong>Termin:\u00a0<\/strong>11.06.2017r<br \/>\n<strong>godzina:<\/strong> 10:00.<br \/>\n<strong>Miejsce:\u00a0<\/strong>Osteo-Sport\u00a0 ul. Stryjska 26,\u00a0 81-506 Gdynia<strong><br \/>\nKontakt:\u00a0<\/strong>Karolina G\u00f3rska-Szyma\u0144ska<strong><br \/>\nmail:\u00a0<\/strong><a href=\"mailto:kargorska@gmail.com\" target=\"_blank\" rel=\"noopener noreferrer\">kargorska@gmail.com<\/a><\/p>\n\n","protected":false},"excerpt":{"rendered":"<p>Spotkanie Pomorskiego Oddzia\u0142u Polskiego Towarzystwa Terapeut\u00f3w Metody Vojty ustalone na dzie\u0144 20.05.2017 \u00a0zostaje przeniesione na\u00a011.06.20017. B\u0119dzie nam niezmiernie mi\u0142o go\u015bci\u0107 Pani\u0105 lek. med. Ma\u0142gorzat\u0119 Mrozi\u0144ska, kt\u00f3ry przybli\u017cy nam Diagnostyk\u0119 neurorozwojow\u0105 wed\u0142ug Vojty. W ramach spotkania przewidziane jest om\u00f3wienie i terapia dzieci. Termin:\u00a011.06.2017r godzina: 10:00. Miejsce:\u00a0Osteo-Sport\u00a0 ul. Stryjska 26,\u00a0 81-506 Gdynia Kontakt:\u00a0Karolina G\u00f3rska-Szyma\u0144ska mail:\u00a0kargorska@gmail.com<\/p>\n","protected":false},"author":1,"featured_media":1671,"parent":1274,"menu_order":0,"comment_status":"closed","ping_status":"closed","template":"","meta":{"_bbp_topic_count":0,"_bbp_reply_count":0,"_bbp_total_topic_count":0,"_bbp_total_reply_count":0,"_bbp_voice_count":0,"_bbp_anonymous_reply_count":0,"_bbp_topic_count_hidden":0,"_bbp_reply_count_hidden":0,"_bbp_forum_subforum_count":0,"footnotes":""},"class_list":["post-1670","page","type-page","status-publish","has-post-thumbnail","hentry"],"_links":{"self":[{"href":"https:\/\/www.vojta.com.pl\/index.php\/wp-json\/wp\/v2\/pages\/1670","targetHints":{"allow":["GET"]}}],"collection":[{"href":"https:\/\/www.vojta.com.pl\/index.php\/wp-json\/wp\/v2\/pages"}],"about":[{"href":"https:\/\/www.vojta.com.pl\/index.php\/wp-json\/wp\/v2\/types\/page"}],"author":[{"embeddable":true,"href":"https:\/\/www.vojta.com.pl\/index.php\/wp-json\/wp\/v2\/users\/1"}],"replies":[{"embeddable":true,"href":"https:\/\/www.vojta.com.pl\/index.php\/wp-json\/wp\/v2\/comments?post=1670"}],"version-history":[{"count":3,"href":"https:\/\/www.vojta.com.pl\/index.php\/wp-json\/wp\/v2\/pages\/1670\/revisions"}],"predecessor-version":[{"id":1697,"href":"https:\/\/www.vojta.com.pl\/index.php\/wp-json\/wp\/v2\/pages\/1670\/revisions\/1697"}],"up":[{"embeddable":true,"href":"https:\/\/www.vojta.com.pl\/index.php\/wp-json\/wp\/v2\/pages\/1274"}],"wp:featuredmedia":[{"embeddable":true,"href":"https:\/\/www.vojta.com.pl\/index.php\/wp-json\/wp\/v2\/media\/1671"}],"wp:attachment":[{"href":"https:\/\/www.vojta.com.pl\/index.php\/wp-json\/wp\/v2\/media?parent=1670"}],"curies":[{"name":"wp","href":"https:\/\/api.w.org\/{rel}","templated":true}]}}