{"id":1751,"date":"2017-07-03T21:41:00","date_gmt":"2017-07-03T19:41:00","guid":{"rendered":"https:\/\/www.vojta.com.pl\/?page_id=1751"},"modified":"2019-04-29T12:37:26","modified_gmt":"2019-04-29T10:37:26","slug":"slaski","status":"publish","type":"page","link":"https:\/\/www.vojta.com.pl\/index.php\/oddzialy\/slaski\/","title":{"rendered":"\u015al\u0105ski"},"content":{"rendered":"<p><strong>Koordynator<\/strong> : Ma\u0142gorzata Eichhof-Siergiej, tel: 695422353,&nbsp;email:&nbsp;<a class=\"moz-txt-link-abbreviated\" href=\"mailto:malgorzata.siergiej@vojta.com.pl\">malgorzata.siergiej@vojta.com.pl<\/a><\/p>\n<p><strong>Z-ca koordynatora<\/strong> : &nbsp;Mariola Po\u0142edniok, tel : 503436066, mail:&nbsp;<a class=\"moz-txt-link-abbreviated\" href=\"mailto:mariola.poledniok@vojta.com.pl\">mariola.poledniok@vojta.com.pl<\/a><\/p>\n<p><strong>Osoba odpowiedzialna za terapi\u0119 os\u00f3b doros\u0142ych<\/strong>: Artur Serwatka, tel. 501136936, email:&nbsp;<a class=\"moz-txt-link-abbreviated\" href=\"mailto:artur.serwatka@vojta.com.pl\">artur.serwatka@vojta.com.pl<\/a><\/p>\n<blockquote class=\"wp-embedded-content\" data-secret=\"ErsbKYhLrj\"><p><a href=\"https:\/\/www.vojta.com.pl\/index.php\/2019\/04\/29\/ag-ruda\/\">AG &#8211; Ruda \u015al\u0105ska 26.05<\/a><\/p><\/blockquote>\n<p><iframe loading=\"lazy\" class=\"wp-embedded-content\" sandbox=\"allow-scripts\" security=\"restricted\" style=\"position: absolute; clip: rect(1px, 1px, 1px, 1px);\" src=\"https:\/\/www.vojta.com.pl\/index.php\/2019\/04\/29\/ag-ruda\/embed\/#?secret=ErsbKYhLrj\" data-secret=\"ErsbKYhLrj\" width=\"600\" height=\"338\" title=\"&#8222;AG &#8211; Ruda \u015al\u0105ska 26.05&#8221; &#8212; \" frameborder=\"0\" marginwidth=\"0\" marginheight=\"0\" scrolling=\"no\"><\/iframe><\/p>\n<blockquote class=\"wp-embedded-content\" data-secret=\"D9RPSyELis\"><p><a href=\"https:\/\/www.vojta.com.pl\/index.php\/2019\/04\/09\/workshop-6-04-07-04-ruda-slaska-relacja\/\">Workshop 6.04-07.04 Ruda \u015al\u0105ska &#8211; relacja<\/a><\/p><\/blockquote>\n<p><iframe loading=\"lazy\" class=\"wp-embedded-content\" sandbox=\"allow-scripts\" security=\"restricted\" style=\"position: absolute; clip: rect(1px, 1px, 1px, 1px);\" src=\"https:\/\/www.vojta.com.pl\/index.php\/2019\/04\/09\/workshop-6-04-07-04-ruda-slaska-relacja\/embed\/#?secret=D9RPSyELis\" data-secret=\"D9RPSyELis\" width=\"600\" height=\"338\" title=\"&#8222;Workshop 6.04-07.04 Ruda \u015al\u0105ska &#8211; relacja&#8221; &#8212; \" frameborder=\"0\" marginwidth=\"0\" marginheight=\"0\" scrolling=\"no\"><\/iframe><\/p>\n<p>https:\/\/www.vojta.com.pl\/index.php\/2019\/02\/18\/ag-gliwice-relacja-2\/<\/p>\n<blockquote class=\"wp-embedded-content\" data-secret=\"FyjZDNfvab\"><p><a href=\"https:\/\/www.vojta.com.pl\/index.php\/2017\/11\/19\/ag-27-10-2017r-zabrze-relacja\/\">AG 27.10.2017r. Zabrze &#8211; Relacja<\/a><\/p><\/blockquote>\n<p><iframe loading=\"lazy\" class=\"wp-embedded-content\" sandbox=\"allow-scripts\" security=\"restricted\" style=\"position: absolute; clip: rect(1px, 1px, 1px, 1px);\" src=\"https:\/\/www.vojta.com.pl\/index.php\/2017\/11\/19\/ag-27-10-2017r-zabrze-relacja\/embed\/#?secret=FyjZDNfvab\" data-secret=\"FyjZDNfvab\" width=\"600\" height=\"338\" title=\"&#8222;AG 27.10.2017r. Zabrze &#8211; Relacja&#8221; &#8212; \" frameborder=\"0\" marginwidth=\"0\" marginheight=\"0\" scrolling=\"no\"><\/iframe><\/p>\n<blockquote class=\"wp-embedded-content\" data-secret=\"jzj3S3edAJ\"><p><a href=\"https:\/\/www.vojta.com.pl\/index.php\/2017\/09\/10\/ag-20-10-zabrze\/\">AG 27.10 &#8211; Zabrze<\/a><\/p><\/blockquote>\n<p><iframe loading=\"lazy\" class=\"wp-embedded-content\" sandbox=\"allow-scripts\" security=\"restricted\" style=\"position: absolute; clip: rect(1px, 1px, 1px, 1px);\" src=\"https:\/\/www.vojta.com.pl\/index.php\/2017\/09\/10\/ag-20-10-zabrze\/embed\/#?secret=jzj3S3edAJ\" data-secret=\"jzj3S3edAJ\" width=\"600\" height=\"338\" title=\"&#8222;AG 27.10 &#8211; Zabrze&#8221; &#8212; \" frameborder=\"0\" marginwidth=\"0\" marginheight=\"0\" scrolling=\"no\"><\/iframe><\/p>\n<blockquote class=\"wp-embedded-content\" data-secret=\"DWWRUqYCGl\"><p><a href=\"https:\/\/www.vojta.com.pl\/index.php\/2017\/07\/05\/ag-gliwice-relacja\/\">AG Gliwice &#8211; relacja<\/a><\/p><\/blockquote>\n<p><iframe loading=\"lazy\" class=\"wp-embedded-content\" sandbox=\"allow-scripts\" security=\"restricted\" style=\"position: absolute; clip: rect(1px, 1px, 1px, 1px);\" src=\"https:\/\/www.vojta.com.pl\/index.php\/2017\/07\/05\/ag-gliwice-relacja\/embed\/#?secret=DWWRUqYCGl\" data-secret=\"DWWRUqYCGl\" width=\"600\" height=\"338\" title=\"&#8222;AG Gliwice &#8211; relacja&#8221; &#8212; \" frameborder=\"0\" marginwidth=\"0\" marginheight=\"0\" scrolling=\"no\"><\/iframe><\/p>\n<blockquote class=\"wp-embedded-content\" data-secret=\"UwiEmWzO8s\"><p><a href=\"https:\/\/www.vojta.com.pl\/index.php\/2017\/06\/08\/02-07-ag-analiza-kinezjologiczna-pacjenta-w-planowaniu-terapii\/\">02.07 &#8211; AG &#8211; Gliwice<\/a><\/p><\/blockquote>\n<p><iframe loading=\"lazy\" class=\"wp-embedded-content\" sandbox=\"allow-scripts\" security=\"restricted\" style=\"position: absolute; clip: rect(1px, 1px, 1px, 1px);\" src=\"https:\/\/www.vojta.com.pl\/index.php\/2017\/06\/08\/02-07-ag-analiza-kinezjologiczna-pacjenta-w-planowaniu-terapii\/embed\/#?secret=UwiEmWzO8s\" data-secret=\"UwiEmWzO8s\" width=\"600\" height=\"338\" title=\"&#8222;02.07 &#8211; AG &#8211; Gliwice&#8221; &#8212; \" frameborder=\"0\" marginwidth=\"0\" marginheight=\"0\" scrolling=\"no\"><\/iframe><\/p>\n","protected":false},"excerpt":{"rendered":"<p>Koordynator : Ma\u0142gorzata Eichhof-Siergiej, tel: 695422353,&nbsp;email:&nbsp;malgorzata.siergiej@vojta.com.pl Z-ca koordynatora : &nbsp;Mariola Po\u0142edniok, tel : 503436066, mail:&nbsp;mariola.poledniok@vojta.com.pl Osoba odpowiedzialna za terapi\u0119 os\u00f3b doros\u0142ych: Artur Serwatka, tel. 501136936, email:&nbsp;artur.serwatka@vojta.com.pl AG &#8211; Ruda \u015al\u0105ska 26.05 Workshop 6.04-07.04 Ruda \u015al\u0105ska &#8211; relacja https:\/\/www.vojta.com.pl\/index.php\/2019\/02\/18\/ag-gliwice-relacja-2\/ AG 27.10.2017r. Zabrze &#8211; Relacja AG 27.10 &#8211; Zabrze AG Gliwice &#8211; relacja 02.07 &#8211; AG &#8211; [&hellip;]<\/p>\n","protected":false},"author":1,"featured_media":0,"parent":1259,"menu_order":0,"comment_status":"closed","ping_status":"closed","template":"","meta":{"_bbp_topic_count":0,"_bbp_reply_count":0,"_bbp_total_topic_count":0,"_bbp_total_reply_count":0,"_bbp_voice_count":0,"_bbp_anonymous_reply_count":0,"_bbp_topic_count_hidden":0,"_bbp_reply_count_hidden":0,"_bbp_forum_subforum_count":0,"footnotes":""},"class_list":["post-1751","page","type-page","status-publish","hentry"],"_links":{"self":[{"href":"https:\/\/www.vojta.com.pl\/index.php\/wp-json\/wp\/v2\/pages\/1751","targetHints":{"allow":["GET"]}}],"collection":[{"href":"https:\/\/www.vojta.com.pl\/index.php\/wp-json\/wp\/v2\/pages"}],"about":[{"href":"https:\/\/www.vojta.com.pl\/index.php\/wp-json\/wp\/v2\/types\/page"}],"author":[{"embeddable":true,"href":"https:\/\/www.vojta.com.pl\/index.php\/wp-json\/wp\/v2\/users\/1"}],"replies":[{"embeddable":true,"href":"https:\/\/www.vojta.com.pl\/index.php\/wp-json\/wp\/v2\/comments?post=1751"}],"version-history":[{"count":23,"href":"https:\/\/www.vojta.com.pl\/index.php\/wp-json\/wp\/v2\/pages\/1751\/revisions"}],"predecessor-version":[{"id":4009,"href":"https:\/\/www.vojta.com.pl\/index.php\/wp-json\/wp\/v2\/pages\/1751\/revisions\/4009"}],"up":[{"embeddable":true,"href":"https:\/\/www.vojta.com.pl\/index.php\/wp-json\/wp\/v2\/pages\/1259"}],"wp:attachment":[{"href":"https:\/\/www.vojta.com.pl\/index.php\/wp-json\/wp\/v2\/media?parent=1751"}],"curies":[{"name":"wp","href":"https:\/\/api.w.org\/{rel}","templated":true}]}}