{"id":2214,"date":"2017-12-11T23:54:25","date_gmt":"2017-12-11T22:54:25","guid":{"rendered":"https:\/\/www.vojta.com.pl\/?page_id=2214"},"modified":"2022-10-28T14:25:19","modified_gmt":"2022-10-28T12:25:19","slug":"lodzki","status":"publish","type":"page","link":"https:\/\/www.vojta.com.pl\/index.php\/oddzialy\/lodzki\/","title":{"rendered":"\u0141\u00f3dzki"},"content":{"rendered":"<div>\n<div>\n<p>Koodrynator: Ba\u0142ut Izabela email: <a href=\"mailto:izabelabalut83@gmail.com\">izabelabalut83@gmail.com<\/a><\/p>\n<p>Zast\u0119pca Koordynatora:\u00a0 Jen\u015b Karina<\/p>\n<p><blockquote class=\"wp-embedded-content\" data-secret=\"MC4lvimjeL\"><a href=\"https:\/\/www.vojta.com.pl\/index.php\/2022\/10\/28\/ag-wojewodztwa-lodzkiego-19-11-2022\/\">AG wojew\u00f3dztwa \u0142\u00f3dzkiego &#8211; 19.11.2022<\/a><\/blockquote><iframe loading=\"lazy\" class=\"wp-embedded-content\" sandbox=\"allow-scripts\" security=\"restricted\" style=\"position: absolute; clip: rect(1px, 1px, 1px, 1px);\" title=\"&#8222;AG wojew\u00f3dztwa \u0142\u00f3dzkiego &#8211; 19.11.2022&#8221; &#8212; \" src=\"https:\/\/www.vojta.com.pl\/index.php\/2022\/10\/28\/ag-wojewodztwa-lodzkiego-19-11-2022\/embed\/#?secret=I2kzhqsuNV#?secret=MC4lvimjeL\" data-secret=\"MC4lvimjeL\" width=\"600\" height=\"338\" frameborder=\"0\" marginwidth=\"0\" marginheight=\"0\" scrolling=\"no\"><\/iframe><\/p>\n<\/div>\n<\/div>\n\n\n<figure class=\"wp-block-embed is-type-wp-embed is-provider-wordpress wp-block-embed-wordpress\"><div class=\"wp-block-embed__wrapper\">\n<blockquote class=\"wp-embedded-content\" data-secret=\"AIW4nU9DMF\"><a href=\"https:\/\/www.vojta.com.pl\/index.php\/2022\/02\/22\/27-02-2022-ag-oddzial-lodzki\/\">27.02.2022 AG &#8211; Oddzia\u0142 \u0141\u00f3dzki<\/a><\/blockquote><iframe loading=\"lazy\" class=\"wp-embedded-content\" sandbox=\"allow-scripts\" security=\"restricted\" style=\"position: absolute; clip: rect(1px, 1px, 1px, 1px);\" title=\"&#8222;27.02.2022 AG &#8211; Oddzia\u0142 \u0141\u00f3dzki&#8221; &#8212; \" src=\"https:\/\/www.vojta.com.pl\/index.php\/2022\/02\/22\/27-02-2022-ag-oddzial-lodzki\/embed\/#?secret=CBCyP94HIP#?secret=AIW4nU9DMF\" data-secret=\"AIW4nU9DMF\" width=\"600\" height=\"338\" frameborder=\"0\" marginwidth=\"0\" marginheight=\"0\" scrolling=\"no\"><\/iframe>\n<\/div><\/figure>\n\n\n\n<figure class=\"wp-block-embed is-type-wp-embed is-provider-osadzona-tresc wp-block-embed-osadzona-tresc\"><div class=\"wp-block-embed__wrapper\">\n<blockquote class=\"wp-embedded-content\" data-secret=\"7dSg9ZpnZj\"><a href=\"https:\/\/www.vojta.com.pl\/index.php\/2021\/08\/12\/ag-radomsk-vojta-u-pacjentow-ze-skolioza-relacja-19-06\/\">AG Radomsk &#8211; Vojta u pacjent\u00f3w ze skolioz\u0105 &#8211; relacja 19.06<\/a><\/blockquote><iframe loading=\"lazy\" class=\"wp-embedded-content\" sandbox=\"allow-scripts\" security=\"restricted\" style=\"position: absolute; clip: rect(1px, 1px, 1px, 1px);\" title=\"&#8222;AG Radomsk &#8211; Vojta u pacjent\u00f3w ze skolioz\u0105 &#8211; relacja 19.06&#8221; &#8212; \" src=\"https:\/\/www.vojta.com.pl\/index.php\/2021\/08\/12\/ag-radomsk-vojta-u-pacjentow-ze-skolioza-relacja-19-06\/embed\/#?secret=a4HXJYaNo6#?secret=7dSg9ZpnZj\" data-secret=\"7dSg9ZpnZj\" width=\"600\" height=\"338\" frameborder=\"0\" marginwidth=\"0\" marginheight=\"0\" scrolling=\"no\"><\/iframe>\n<\/div><\/figure>\n\n\n\n<figure class=\"wp-block-embed is-type-wp-embed is-provider-wordpress wp-block-embed-wordpress\"><div class=\"wp-block-embed__wrapper\">\n<blockquote class=\"wp-embedded-content\" data-secret=\"OCWGH4v6DF\"><a href=\"https:\/\/www.vojta.com.pl\/index.php\/2019\/10\/27\/ag-witonia-relacja\/\">AG &#8211; Witonia &#8211; relacja<\/a><\/blockquote><iframe loading=\"lazy\" class=\"wp-embedded-content\" sandbox=\"allow-scripts\" security=\"restricted\" style=\"position: absolute; clip: rect(1px, 1px, 1px, 1px);\" title=\"&#8222;AG &#8211; Witonia &#8211; relacja&#8221; &#8212; \" src=\"https:\/\/www.vojta.com.pl\/index.php\/2019\/10\/27\/ag-witonia-relacja\/embed\/#?secret=3EHCcAvx40#?secret=OCWGH4v6DF\" data-secret=\"OCWGH4v6DF\" width=\"600\" height=\"338\" frameborder=\"0\" marginwidth=\"0\" marginheight=\"0\" scrolling=\"no\"><\/iframe>\n<\/div><\/figure>\n\n\n\n<figure class=\"wp-block-embed is-type-rich is-provider-wordpress wp-block-embed-wordpress\"><div class=\"wp-block-embed__wrapper\">\n<blockquote class=\"wp-embedded-content\" data-secret=\"iTcO0KCy0y\"><a href=\"https:\/\/www.vojta.com.pl\/index.php\/2019\/04\/06\/ag-oddzial-lodzki-11-05-2019\/\">AG \u2013 ODDZIA\u0141 \u0141\u00d3DZKI  &#8211; 11.05.2019<\/a><\/blockquote><iframe loading=\"lazy\" class=\"wp-embedded-content\" sandbox=\"allow-scripts\" security=\"restricted\" style=\"position: absolute; clip: rect(1px, 1px, 1px, 1px);\" title=\"&#8222;AG \u2013 ODDZIA\u0141 \u0141\u00d3DZKI  &#8211; 11.05.2019&#8221; &#8212; \" src=\"https:\/\/www.vojta.com.pl\/index.php\/2019\/04\/06\/ag-oddzial-lodzki-11-05-2019\/embed\/#?secret=Mnz3crWUZQ#?secret=iTcO0KCy0y\" data-secret=\"iTcO0KCy0y\" width=\"600\" height=\"338\" frameborder=\"0\" marginwidth=\"0\" marginheight=\"0\" scrolling=\"no\"><\/iframe>\n<\/div><\/figure>\n\n\n\n<figure class=\"wp-block-embed is-type-wp-embed is-provider-wordpress wp-block-embed-wordpress\"><div class=\"wp-block-embed__wrapper\">\n<blockquote class=\"wp-embedded-content\" data-secret=\"T0UAmmnbQS\"><a href=\"https:\/\/www.vojta.com.pl\/index.php\/2018\/02\/05\/spotkanie-lodzkiego-oddzialu-relacja-21-01\/\">Spotkanie \u0141\u00f3dzkiego Oddzia\u0142u &#8211; relacja 21.01<\/a><\/blockquote><iframe loading=\"lazy\" class=\"wp-embedded-content\" sandbox=\"allow-scripts\" security=\"restricted\" style=\"position: absolute; clip: rect(1px, 1px, 1px, 1px);\" title=\"&#8222;Spotkanie \u0141\u00f3dzkiego Oddzia\u0142u &#8211; relacja 21.01&#8221; &#8212; \" src=\"https:\/\/www.vojta.com.pl\/index.php\/2018\/02\/05\/spotkanie-lodzkiego-oddzialu-relacja-21-01\/embed\/#?secret=6oeOSQh7Ga#?secret=T0UAmmnbQS\" data-secret=\"T0UAmmnbQS\" width=\"600\" height=\"338\" frameborder=\"0\" marginwidth=\"0\" marginheight=\"0\" scrolling=\"no\"><\/iframe>\n<\/div><\/figure>\n\n\n\n<figure class=\"wp-block-embed is-type-wp-embed is-provider-wordpress wp-block-embed-wordpress\"><div class=\"wp-block-embed__wrapper\">\n<blockquote class=\"wp-embedded-content\" data-secret=\"Hnzs5Hd63s\"><a href=\"https:\/\/www.vojta.com.pl\/index.php\/2017\/12\/20\/21-01-2018-ag-oddzialu-lodzkiego\/\">21.01.2018 &#8211; AG Oddzia\u0142u \u0141\u00f3dzkiego<\/a><\/blockquote><iframe loading=\"lazy\" class=\"wp-embedded-content\" sandbox=\"allow-scripts\" security=\"restricted\" style=\"position: absolute; clip: rect(1px, 1px, 1px, 1px);\" title=\"&#8222;21.01.2018 &#8211; AG Oddzia\u0142u \u0141\u00f3dzkiego&#8221; &#8212; \" src=\"https:\/\/www.vojta.com.pl\/index.php\/2017\/12\/20\/21-01-2018-ag-oddzialu-lodzkiego\/embed\/#?secret=9wE5HMYuTs#?secret=Hnzs5Hd63s\" data-secret=\"Hnzs5Hd63s\" width=\"600\" height=\"338\" frameborder=\"0\" marginwidth=\"0\" marginheight=\"0\" scrolling=\"no\"><\/iframe>\n<\/div><\/figure>\n","protected":false},"excerpt":{"rendered":"<p>Koodrynator: Ba\u0142ut Izabela email: izabelabalut83@gmail.com Zast\u0119pca Koordynatora:\u00a0 Jen\u015b Karina AG wojew\u00f3dztwa \u0142\u00f3dzkiego &#8211; 19.11.2022<\/p>\n","protected":false},"author":1,"featured_media":0,"parent":1259,"menu_order":0,"comment_status":"closed","ping_status":"closed","template":"","meta":{"_bbp_topic_count":0,"_bbp_reply_count":0,"_bbp_total_topic_count":0,"_bbp_total_reply_count":0,"_bbp_voice_count":0,"_bbp_anonymous_reply_count":0,"_bbp_topic_count_hidden":0,"_bbp_reply_count_hidden":0,"_bbp_forum_subforum_count":0,"footnotes":""},"class_list":["post-2214","page","type-page","status-publish","hentry"],"_links":{"self":[{"href":"https:\/\/www.vojta.com.pl\/index.php\/wp-json\/wp\/v2\/pages\/2214","targetHints":{"allow":["GET"]}}],"collection":[{"href":"https:\/\/www.vojta.com.pl\/index.php\/wp-json\/wp\/v2\/pages"}],"about":[{"href":"https:\/\/www.vojta.com.pl\/index.php\/wp-json\/wp\/v2\/types\/page"}],"author":[{"embeddable":true,"href":"https:\/\/www.vojta.com.pl\/index.php\/wp-json\/wp\/v2\/users\/1"}],"replies":[{"embeddable":true,"href":"https:\/\/www.vojta.com.pl\/index.php\/wp-json\/wp\/v2\/comments?post=2214"}],"version-history":[{"count":11,"href":"https:\/\/www.vojta.com.pl\/index.php\/wp-json\/wp\/v2\/pages\/2214\/revisions"}],"predecessor-version":[{"id":7642,"href":"https:\/\/www.vojta.com.pl\/index.php\/wp-json\/wp\/v2\/pages\/2214\/revisions\/7642"}],"up":[{"embeddable":true,"href":"https:\/\/www.vojta.com.pl\/index.php\/wp-json\/wp\/v2\/pages\/1259"}],"wp:attachment":[{"href":"https:\/\/www.vojta.com.pl\/index.php\/wp-json\/wp\/v2\/media?parent=2214"}],"curies":[{"name":"wp","href":"https:\/\/api.w.org\/{rel}","templated":true}]}}