{"id":2562,"date":"2018-01-16T15:31:29","date_gmt":"2018-01-16T14:31:29","guid":{"rendered":"https:\/\/www.vojta.com.pl\/?page_id=2562"},"modified":"2018-01-16T15:31:29","modified_gmt":"2018-01-16T14:31:29","slug":"agnieszka-jecka","status":"publish","type":"page","link":"https:\/\/www.vojta.com.pl\/index.php\/listaa\/wojewodztwo-kujawsko-pomorskie\/agnieszka-jecka\/","title":{"rendered":"Agnieszka J\u0119cka"},"content":{"rendered":"<p>magister fizjoterapii,<\/p>\n<p>&#8211; Vitamed Kids ul.Ogniowa 5a,W\u0142oc\u0142awek 544269696,<br \/>\n&#8211; Vitamed ul.Pi\u0142sudskiego 56, Kowal 542841598,<br \/>\ntel.600287136,&nbsp;<br \/>\ne-mail: <a class=\"moz-txt-link-abbreviated\" href=\"mailto:vitamed-pj@wp.pl\">vitamed-pj@wp.pl,&nbsp;<\/a><br \/>\n&nbsp;<a class=\"moz-txt-link-abbreviated\" href=\"http:\/\/www.vitamedkids.pl\/\">www.vitamedkids.pl<\/a><\/p>\n\n\t\t<style type=\"text\/css\">\n\t\t\t#gallery-1 {\n\t\t\t\tmargin: auto;\n\t\t\t}\n\t\t\t#gallery-1 .gallery-item {\n\t\t\t\tfloat: left;\n\t\t\t\tmargin-top: 10px;\n\t\t\t\ttext-align: center;\n\t\t\t\twidth: 33%;\n\t\t\t}\n\t\t\t#gallery-1 img {\n\t\t\t\tborder: 2px solid #cfcfcf;\n\t\t\t}\n\t\t\t#gallery-1 .gallery-caption {\n\t\t\t\tmargin-left: 0;\n\t\t\t}\n\t\t\t\/* see gallery_shortcode() in wp-includes\/media.php *\/\n\t\t<\/style>\n\t\t<div id='gallery-1' class='gallery galleryid-2562 gallery-columns-3 gallery-size-thumbnail'><dl class='gallery-item'>\n\t\t\t<dt class='gallery-icon portrait'>\n\t\t\t\t<a href='https:\/\/www.vojta.com.pl\/index.php\/listaa\/wojewodztwo-kujawsko-pomorskie\/agnieszka-jecka\/scan0003-3\/'><img loading=\"lazy\" decoding=\"async\" width=\"200\" height=\"200\" src=\"https:\/\/www.vojta.com.pl\/wp-content\/uploads\/2018\/01\/Scan0003-200x200.jpg\" class=\"attachment-thumbnail size-thumbnail\" alt=\"\" srcset=\"https:\/\/www.vojta.com.pl\/wp-content\/uploads\/2018\/01\/Scan0003-200x200.jpg 200w, https:\/\/www.vojta.com.pl\/wp-content\/uploads\/2018\/01\/Scan0003-50x50.jpg 50w\" sizes=\"auto, (max-width: 200px) 100vw, 200px\" \/><\/a>\n\t\t\t<\/dt><\/dl>\n\t\t\t<br style='clear: both' \/>\n\t\t<\/div>\n\n","protected":false},"excerpt":{"rendered":"<p>magister fizjoterapii, &#8211; Vitamed Kids ul.Ogniowa 5a,W\u0142oc\u0142awek 544269696, &#8211; Vitamed ul.Pi\u0142sudskiego 56, Kowal 542841598, tel.600287136,&nbsp; e-mail: vitamed-pj@wp.pl,&nbsp; &nbsp;www.vitamedkids.pl<\/p>\n","protected":false},"author":1,"featured_media":0,"parent":131,"menu_order":0,"comment_status":"closed","ping_status":"closed","template":"","meta":{"_bbp_topic_count":0,"_bbp_reply_count":0,"_bbp_total_topic_count":0,"_bbp_total_reply_count":0,"_bbp_voice_count":0,"_bbp_anonymous_reply_count":0,"_bbp_topic_count_hidden":0,"_bbp_reply_count_hidden":0,"_bbp_forum_subforum_count":0,"footnotes":""},"class_list":["post-2562","page","type-page","status-publish","hentry"],"_links":{"self":[{"href":"https:\/\/www.vojta.com.pl\/index.php\/wp-json\/wp\/v2\/pages\/2562","targetHints":{"allow":["GET"]}}],"collection":[{"href":"https:\/\/www.vojta.com.pl\/index.php\/wp-json\/wp\/v2\/pages"}],"about":[{"href":"https:\/\/www.vojta.com.pl\/index.php\/wp-json\/wp\/v2\/types\/page"}],"author":[{"embeddable":true,"href":"https:\/\/www.vojta.com.pl\/index.php\/wp-json\/wp\/v2\/users\/1"}],"replies":[{"embeddable":true,"href":"https:\/\/www.vojta.com.pl\/index.php\/wp-json\/wp\/v2\/comments?post=2562"}],"version-history":[{"count":1,"href":"https:\/\/www.vojta.com.pl\/index.php\/wp-json\/wp\/v2\/pages\/2562\/revisions"}],"predecessor-version":[{"id":2564,"href":"https:\/\/www.vojta.com.pl\/index.php\/wp-json\/wp\/v2\/pages\/2562\/revisions\/2564"}],"up":[{"embeddable":true,"href":"https:\/\/www.vojta.com.pl\/index.php\/wp-json\/wp\/v2\/pages\/131"}],"wp:attachment":[{"href":"https:\/\/www.vojta.com.pl\/index.php\/wp-json\/wp\/v2\/media?parent=2562"}],"curies":[{"name":"wp","href":"https:\/\/api.w.org\/{rel}","templated":true}]}}