{"id":2895,"date":"2018-03-23T14:27:34","date_gmt":"2018-03-23T13:27:34","guid":{"rendered":"https:\/\/www.vojta.com.pl\/?page_id=2895"},"modified":"2026-01-25T01:08:10","modified_gmt":"2026-01-25T00:08:10","slug":"kontakt","status":"publish","type":"page","link":"https:\/\/www.vojta.com.pl\/index.php\/kontakt\/","title":{"rendered":"Kontakt"},"content":{"rendered":"<p><img loading=\"lazy\" decoding=\"async\" class=\" wp-image-2896 aligncenter\" src=\"https:\/\/www.vojta.com.pl\/wp-content\/uploads\/2018\/03\/contact-us-1908763_1280-1024x294.png\" alt=\"\" width=\"593\" height=\"170\" srcset=\"https:\/\/www.vojta.com.pl\/wp-content\/uploads\/2018\/03\/contact-us-1908763_1280-1024x294.png 1024w, https:\/\/www.vojta.com.pl\/wp-content\/uploads\/2018\/03\/contact-us-1908763_1280-300x86.png 300w, https:\/\/www.vojta.com.pl\/wp-content\/uploads\/2018\/03\/contact-us-1908763_1280-768x220.png 768w, https:\/\/www.vojta.com.pl\/wp-content\/uploads\/2018\/03\/contact-us-1908763_1280.png 1280w\" sizes=\"auto, (max-width: 593px) 100vw, 593px\" \/><\/p>\n<p>W sprawach Stowarzyszenie Vojta Polska:<\/p>\n<p style=\"text-align: center;\"><a href=\"mailto:info@vojta.com.pl\">info@vojta.com.pl<\/a><\/p>\n<p>W sprawach strony internetowej, listy terapeut\u00f3w prosz\u0119 kontaktowa\u0107 si\u0119 z webmasterem:<\/p>\n<p style=\"text-align: center;\"><a href=\"mailto:admin@vojta.com.pl\">admin@vojta.com.pl<\/a><\/p>\n<p>W sprawach organizowania warsztat\u00f3w terapeut\u00f3w metody Vojty z danym nauczycielem.<\/p>\n","protected":false},"excerpt":{"rendered":"<p>W sprawach Stowarzyszenie Vojta Polska: info@vojta.com.pl W sprawach strony internetowej, listy terapeut\u00f3w prosz\u0119 kontaktowa\u0107 si\u0119 z webmasterem: admin@vojta.com.pl W sprawach organizowania warsztat\u00f3w terapeut\u00f3w metody Vojty z danym nauczycielem.<\/p>\n","protected":false},"author":1,"featured_media":0,"parent":0,"menu_order":0,"comment_status":"closed","ping_status":"closed","template":"","meta":{"_bbp_topic_count":0,"_bbp_reply_count":0,"_bbp_total_topic_count":0,"_bbp_total_reply_count":0,"_bbp_voice_count":0,"_bbp_anonymous_reply_count":0,"_bbp_topic_count_hidden":0,"_bbp_reply_count_hidden":0,"_bbp_forum_subforum_count":0,"footnotes":""},"class_list":["post-2895","page","type-page","status-publish","hentry"],"_links":{"self":[{"href":"https:\/\/www.vojta.com.pl\/index.php\/wp-json\/wp\/v2\/pages\/2895","targetHints":{"allow":["GET"]}}],"collection":[{"href":"https:\/\/www.vojta.com.pl\/index.php\/wp-json\/wp\/v2\/pages"}],"about":[{"href":"https:\/\/www.vojta.com.pl\/index.php\/wp-json\/wp\/v2\/types\/page"}],"author":[{"embeddable":true,"href":"https:\/\/www.vojta.com.pl\/index.php\/wp-json\/wp\/v2\/users\/1"}],"replies":[{"embeddable":true,"href":"https:\/\/www.vojta.com.pl\/index.php\/wp-json\/wp\/v2\/comments?post=2895"}],"version-history":[{"count":7,"href":"https:\/\/www.vojta.com.pl\/index.php\/wp-json\/wp\/v2\/pages\/2895\/revisions"}],"predecessor-version":[{"id":12476,"href":"https:\/\/www.vojta.com.pl\/index.php\/wp-json\/wp\/v2\/pages\/2895\/revisions\/12476"}],"wp:attachment":[{"href":"https:\/\/www.vojta.com.pl\/index.php\/wp-json\/wp\/v2\/media?parent=2895"}],"curies":[{"name":"wp","href":"https:\/\/api.w.org\/{rel}","templated":true}]}}