{"id":3219,"date":"2018-08-07T09:31:23","date_gmt":"2018-08-07T07:31:23","guid":{"rendered":"https:\/\/www.vojta.com.pl\/?page_id=3219"},"modified":"2018-08-07T09:31:23","modified_gmt":"2018-08-07T07:31:23","slug":"uchwala-nr-1","status":"publish","type":"page","link":"https:\/\/www.vojta.com.pl\/index.php\/stowarzyszenie\/informacje\/uchwala-nr-1\/","title":{"rendered":"Uchwa\u0142a nr 1"},"content":{"rendered":"<p>Zgodnie z <strong>Uchwa\u0142a nr 1<\/strong><\/p>\n<p><strong>Zarz\u0105du <\/strong><strong>Stowarzyszenia <\/strong><\/p>\n<p><strong>\u201ePOLSKIE TOWARZYSTWO TERAPEUT\u00d3W METODY VOJTY\u201d<\/strong><\/p>\n<p><strong>z siedzib\u0105 w <\/strong><strong>Warszawie<\/strong><\/p>\n<p><strong>w sprawie skre\u015blenia z listy cz\u0142onk\u00f3w Stowarzyszenia z powodu nieusprawiedliwionego zalegania z&nbsp;op\u0142at\u0105 sk\u0142adek cz\u0142onkowskich lub innych zobowi\u0105za\u0144, przez okres przekraczaj\u0105cy 6&nbsp;miesi\u0119cy<\/strong><\/p>\n<p><strong>&nbsp;<\/strong><\/p>\n<p>&nbsp;&nbsp;&nbsp;&nbsp;&nbsp;&nbsp;&nbsp;&nbsp;&nbsp;&nbsp;&nbsp; Zarz\u0105d PTTMV dzia\u0142aj\u0105c na podstawie \u00a7 18 ust. 1 pkt 3 statutu Stowarzyszenia, postanawia skre\u015bli\u0107 z listy cz\u0142onk\u00f3w Stowarzyszenia wszystkich tych cz\u0142onk\u00f3w, kt\u00f3rzy zalegaj\u0105 z&nbsp;op\u0142at\u0105 sk\u0142adek cz\u0142onkowskich lub innych zobowi\u0105za\u0144 przez okres przekraczaj\u0105cy 6&nbsp;miesi\u0119cy,.<\/p>\n<p>&nbsp;<\/p>\n<p>Od powy\u017cszej uchwa\u0142y istnieje mo\u017cliwo\u015b\u0107 odwo\u0142ania si\u0119 w terminie 30 dni <strong>od dnia poinformowania, przedstawiaj\u0105c kart\u0119 cz\u0142onkowsk\u0105 i dow\u00f3d op\u0142acenia sk\u0142adek.<\/strong><\/p>\n<p><strong>&nbsp;<\/strong><\/p>\n<p><strong>Prezes PTTMV<\/strong><\/p>\n<p><strong>Grzegorz Serkies<\/strong><\/p>\n","protected":false},"excerpt":{"rendered":"<p>Zgodnie z Uchwa\u0142a nr 1 Zarz\u0105du Stowarzyszenia \u201ePOLSKIE TOWARZYSTWO TERAPEUT\u00d3W METODY VOJTY\u201d z siedzib\u0105 w Warszawie w sprawie skre\u015blenia z listy cz\u0142onk\u00f3w Stowarzyszenia z powodu nieusprawiedliwionego zalegania z&nbsp;op\u0142at\u0105 sk\u0142adek cz\u0142onkowskich lub innych zobowi\u0105za\u0144, przez okres przekraczaj\u0105cy 6&nbsp;miesi\u0119cy &nbsp; &nbsp;&nbsp;&nbsp;&nbsp;&nbsp;&nbsp;&nbsp;&nbsp;&nbsp;&nbsp;&nbsp; Zarz\u0105d PTTMV dzia\u0142aj\u0105c na podstawie \u00a7 18 ust. 1 pkt 3 statutu Stowarzyszenia, postanawia skre\u015bli\u0107 z [&hellip;]<\/p>\n","protected":false},"author":1,"featured_media":0,"parent":3212,"menu_order":0,"comment_status":"closed","ping_status":"closed","template":"","meta":{"_bbp_topic_count":0,"_bbp_reply_count":0,"_bbp_total_topic_count":0,"_bbp_total_reply_count":0,"_bbp_voice_count":0,"_bbp_anonymous_reply_count":0,"_bbp_topic_count_hidden":0,"_bbp_reply_count_hidden":0,"_bbp_forum_subforum_count":0,"footnotes":""},"class_list":["post-3219","page","type-page","status-publish","hentry"],"_links":{"self":[{"href":"https:\/\/www.vojta.com.pl\/index.php\/wp-json\/wp\/v2\/pages\/3219","targetHints":{"allow":["GET"]}}],"collection":[{"href":"https:\/\/www.vojta.com.pl\/index.php\/wp-json\/wp\/v2\/pages"}],"about":[{"href":"https:\/\/www.vojta.com.pl\/index.php\/wp-json\/wp\/v2\/types\/page"}],"author":[{"embeddable":true,"href":"https:\/\/www.vojta.com.pl\/index.php\/wp-json\/wp\/v2\/users\/1"}],"replies":[{"embeddable":true,"href":"https:\/\/www.vojta.com.pl\/index.php\/wp-json\/wp\/v2\/comments?post=3219"}],"version-history":[{"count":1,"href":"https:\/\/www.vojta.com.pl\/index.php\/wp-json\/wp\/v2\/pages\/3219\/revisions"}],"predecessor-version":[{"id":3220,"href":"https:\/\/www.vojta.com.pl\/index.php\/wp-json\/wp\/v2\/pages\/3219\/revisions\/3220"}],"up":[{"embeddable":true,"href":"https:\/\/www.vojta.com.pl\/index.php\/wp-json\/wp\/v2\/pages\/3212"}],"wp:attachment":[{"href":"https:\/\/www.vojta.com.pl\/index.php\/wp-json\/wp\/v2\/media?parent=3219"}],"curies":[{"name":"wp","href":"https:\/\/api.w.org\/{rel}","templated":true}]}}