{"id":3258,"date":"2018-09-30T20:57:47","date_gmt":"2018-09-30T18:57:47","guid":{"rendered":"https:\/\/www.vojta.com.pl\/?page_id=3258"},"modified":"2018-09-30T20:57:47","modified_gmt":"2018-09-30T18:57:47","slug":"mazowiecki","status":"publish","type":"page","link":"https:\/\/www.vojta.com.pl\/index.php\/oddzialy\/mazowiecki\/","title":{"rendered":"Mazowiecki"},"content":{"rendered":"<p>Mazowiecki Oddzia\u0142 Polskiego Towarzystwa Terapeut\u00f3w Metody Vojty<br \/>\n<strong>Koordynator<\/strong> : \u017banetta Babili\u0144ska -Grodzicka 505185572<br \/>\n<strong>Zast\u0119pca Koordynatora<\/strong> : Katarzyna Hrynyszyn \u202d536 458 485\u202c<\/p>\n<blockquote class=\"wp-embedded-content\" data-secret=\"QpG4buHch5\"><p><a href=\"https:\/\/www.vojta.com.pl\/index.php\/2018\/09\/28\/ag-w-warszawie-relacja\/\">Ag w Warszawie &#8211; relacja<\/a><\/p><\/blockquote>\n<p><iframe loading=\"lazy\" class=\"wp-embedded-content\" sandbox=\"allow-scripts\" security=\"restricted\" style=\"position: absolute; clip: rect(1px, 1px, 1px, 1px);\" src=\"https:\/\/www.vojta.com.pl\/index.php\/2018\/09\/28\/ag-w-warszawie-relacja\/embed\/#?secret=QpG4buHch5\" data-secret=\"QpG4buHch5\" width=\"600\" height=\"338\" title=\"&#8222;Ag w Warszawie &#8211; relacja&#8221; &#8212; \" frameborder=\"0\" marginwidth=\"0\" marginheight=\"0\" scrolling=\"no\"><\/iframe><\/p>\n","protected":false},"excerpt":{"rendered":"<p>Mazowiecki Oddzia\u0142 Polskiego Towarzystwa Terapeut\u00f3w Metody Vojty Koordynator : \u017banetta Babili\u0144ska -Grodzicka 505185572 Zast\u0119pca Koordynatora : Katarzyna Hrynyszyn \u202d536 458 485\u202c Ag w Warszawie &#8211; relacja<\/p>\n","protected":false},"author":1,"featured_media":0,"parent":1259,"menu_order":0,"comment_status":"closed","ping_status":"closed","template":"","meta":{"_bbp_topic_count":0,"_bbp_reply_count":0,"_bbp_total_topic_count":0,"_bbp_total_reply_count":0,"_bbp_voice_count":0,"_bbp_anonymous_reply_count":0,"_bbp_topic_count_hidden":0,"_bbp_reply_count_hidden":0,"_bbp_forum_subforum_count":0,"footnotes":""},"class_list":["post-3258","page","type-page","status-publish","hentry"],"_links":{"self":[{"href":"https:\/\/www.vojta.com.pl\/index.php\/wp-json\/wp\/v2\/pages\/3258","targetHints":{"allow":["GET"]}}],"collection":[{"href":"https:\/\/www.vojta.com.pl\/index.php\/wp-json\/wp\/v2\/pages"}],"about":[{"href":"https:\/\/www.vojta.com.pl\/index.php\/wp-json\/wp\/v2\/types\/page"}],"author":[{"embeddable":true,"href":"https:\/\/www.vojta.com.pl\/index.php\/wp-json\/wp\/v2\/users\/1"}],"replies":[{"embeddable":true,"href":"https:\/\/www.vojta.com.pl\/index.php\/wp-json\/wp\/v2\/comments?post=3258"}],"version-history":[{"count":1,"href":"https:\/\/www.vojta.com.pl\/index.php\/wp-json\/wp\/v2\/pages\/3258\/revisions"}],"predecessor-version":[{"id":3259,"href":"https:\/\/www.vojta.com.pl\/index.php\/wp-json\/wp\/v2\/pages\/3258\/revisions\/3259"}],"up":[{"embeddable":true,"href":"https:\/\/www.vojta.com.pl\/index.php\/wp-json\/wp\/v2\/pages\/1259"}],"wp:attachment":[{"href":"https:\/\/www.vojta.com.pl\/index.php\/wp-json\/wp\/v2\/media?parent=3258"}],"curies":[{"name":"wp","href":"https:\/\/api.w.org\/{rel}","templated":true}]}}