{"id":3659,"date":"2019-01-28T20:26:44","date_gmt":"2019-01-28T19:26:44","guid":{"rendered":"https:\/\/www.vojta.com.pl\/?page_id=3659"},"modified":"2019-01-28T20:30:54","modified_gmt":"2019-01-28T19:30:54","slug":"oddzial-lubelski","status":"publish","type":"page","link":"https:\/\/www.vojta.com.pl\/index.php\/oddzial-lubelski\/","title":{"rendered":"Oddzia\u0142 Lubelski"},"content":{"rendered":"\n<p><strong>Kontakt :<\/strong><\/p>\n\n\n\n<p><strong>Koordynator Oddzia\u0142u<\/strong>: Monika Kad\u0142ubowska tel. 506&nbsp;196&nbsp;779 e.mail <a href=\"mailto:monika_kadlubowska@wp.pl\">monika_kadlubowska@wp.pl<\/a><\/p>\n\n\n\n<p><strong>Zast\u0119pca Koordynatora<\/strong>: Maciej Frankowski tel. 606&nbsp;666&nbsp;499<\/p>\n\n\n\n<p><strong>Cz\u0142onkowie:<\/strong><\/p>\n\n\n\n<ol class=\"wp-block-list\"><li>Cybul ( Zdolska) Monika &#8211; Radzy\u0144 Podlaski<\/li><li>Czekaj Sylwia \u2013 Radzy\u0144 Podlaski <\/li><li>Lipka Anna \u2013 Bia\u0142a Podlaska<\/li><li>Frankowski Maciej \u2013 Radzy\u0144 Podlaski<\/li><li>Kad\u0142ubowska Monika \u2013 Bia\u0142a Podlaska<\/li><li>Murarz-Perz Dominika \u2013 \u0141uk\u00f3w<\/li><li>Tuczapska Iza \u2013 Krasnystaw<\/li><li>Cie\u0107ko Iwona \u2013 Pu\u0142awy <\/li><li>Babik Anna &#8211; Lublin<\/li><li>Bryzek\nKatarzyna Lublin <\/li><li>Turowska\nPaulina &#8211; Lubart\u00f3w<\/li><li>Boszko\nKatarzyna \u0141uk\u00f3w <\/li><li>Bojar\nEwa <\/li><li>Bo\u017cko\nKatarzyna <\/li><\/ol>\n\n\n\n<figure class=\"wp-block-embed is-type-rich is-provider-osadz\"><div class=\"wp-block-embed__wrapper\">\n<blockquote class=\"wp-embedded-content\" data-secret=\"BsQMScCJmV\"><a href=\"https:\/\/www.vojta.com.pl\/index.php\/2019\/01\/27\/oddzial-podlaski-zawiazany\/\">Oddzia\u0142 Podlaski zawi\u0105zany<\/a><\/blockquote><iframe loading=\"lazy\" class=\"wp-embedded-content\" sandbox=\"allow-scripts\" security=\"restricted\" style=\"position: absolute; clip: rect(1px, 1px, 1px, 1px);\" src=\"https:\/\/www.vojta.com.pl\/index.php\/2019\/01\/27\/oddzial-podlaski-zawiazany\/embed\/#?secret=BsQMScCJmV\" data-secret=\"BsQMScCJmV\" width=\"600\" height=\"338\" title=\"&#8222;Oddzia\u0142 Podlaski zawi\u0105zany&#8221; &#8212; \" frameborder=\"0\" marginwidth=\"0\" marginheight=\"0\" scrolling=\"no\"><\/iframe>\n<\/div><\/figure>\n","protected":false},"excerpt":{"rendered":"<p>Kontakt : Koordynator Oddzia\u0142u: Monika Kad\u0142ubowska tel. 506&nbsp;196&nbsp;779 e.mail monika_kadlubowska@wp.pl Zast\u0119pca Koordynatora: Maciej Frankowski tel. 606&nbsp;666&nbsp;499 Cz\u0142onkowie: Cybul ( Zdolska) Monika &#8211; Radzy\u0144 Podlaski Czekaj Sylwia \u2013 Radzy\u0144 Podlaski Lipka Anna \u2013 Bia\u0142a Podlaska Frankowski Maciej \u2013 Radzy\u0144 Podlaski Kad\u0142ubowska Monika \u2013 Bia\u0142a Podlaska Murarz-Perz Dominika \u2013 \u0141uk\u00f3w Tuczapska Iza \u2013 Krasnystaw Cie\u0107ko Iwona \u2013 [&hellip;]<\/p>\n","protected":false},"author":1,"featured_media":0,"parent":0,"menu_order":0,"comment_status":"closed","ping_status":"closed","template":"","meta":{"_bbp_topic_count":0,"_bbp_reply_count":0,"_bbp_total_topic_count":0,"_bbp_total_reply_count":0,"_bbp_voice_count":0,"_bbp_anonymous_reply_count":0,"_bbp_topic_count_hidden":0,"_bbp_reply_count_hidden":0,"_bbp_forum_subforum_count":0,"footnotes":""},"class_list":["post-3659","page","type-page","status-publish","hentry"],"_links":{"self":[{"href":"https:\/\/www.vojta.com.pl\/index.php\/wp-json\/wp\/v2\/pages\/3659","targetHints":{"allow":["GET"]}}],"collection":[{"href":"https:\/\/www.vojta.com.pl\/index.php\/wp-json\/wp\/v2\/pages"}],"about":[{"href":"https:\/\/www.vojta.com.pl\/index.php\/wp-json\/wp\/v2\/types\/page"}],"author":[{"embeddable":true,"href":"https:\/\/www.vojta.com.pl\/index.php\/wp-json\/wp\/v2\/users\/1"}],"replies":[{"embeddable":true,"href":"https:\/\/www.vojta.com.pl\/index.php\/wp-json\/wp\/v2\/comments?post=3659"}],"version-history":[{"count":3,"href":"https:\/\/www.vojta.com.pl\/index.php\/wp-json\/wp\/v2\/pages\/3659\/revisions"}],"predecessor-version":[{"id":3664,"href":"https:\/\/www.vojta.com.pl\/index.php\/wp-json\/wp\/v2\/pages\/3659\/revisions\/3664"}],"wp:attachment":[{"href":"https:\/\/www.vojta.com.pl\/index.php\/wp-json\/wp\/v2\/media?parent=3659"}],"curies":[{"name":"wp","href":"https:\/\/api.w.org\/{rel}","templated":true}]}}