{"id":3912,"date":"2019-04-06T13:19:42","date_gmt":"2019-04-06T11:19:42","guid":{"rendered":"https:\/\/www.vojta.com.pl\/?page_id=3912"},"modified":"2019-04-06T13:19:43","modified_gmt":"2019-04-06T11:19:43","slug":"pawel-kozlowski","status":"publish","type":"page","link":"https:\/\/www.vojta.com.pl\/index.php\/pawel-kozlowski\/","title":{"rendered":"Pawe\u0142 Koz\u0142owski"},"content":{"rendered":"\n<p> &#8220;Synergia&#8221; Centrum fizjoterapii \u015arem, Gabinet diagnostyki funkcjonalnej i terapii metod\u0105 Vojty dla doros\u0142ych Pozna\u0144.<\/p>\n\n\n\n<p><br><a href=\"mailto:pawel.kozlowski@vojta.com.pl\">pawel.kozlowski@vojta.com.pl <\/a><\/p>\n\n\n\n<p>693670890, <\/p>\n\n\n\n<p><a href=\"http:\/\/www.fizjoterapia-poznan.com\/\">www.fizjoterapia-poznan.com<\/a><\/p>\n\n\n\n<ul class=\"wp-block-gallery columns-2 is-cropped wp-block-gallery-1 is-layout-flex wp-block-gallery-is-layout-flex\"><li class=\"blocks-gallery-item\"><figure><img loading=\"lazy\" decoding=\"async\" width=\"711\" height=\"1024\" src=\"https:\/\/www.vojta.com.pl\/wp-content\/uploads\/2019\/04\/IMG_20190402_1054292-711x1024.jpg\" alt=\"\" data-id=\"3913\" data-link=\"https:\/\/www.vojta.com.pl\/?attachment_id=3913\" class=\"wp-image-3913\" srcset=\"https:\/\/www.vojta.com.pl\/wp-content\/uploads\/2019\/04\/IMG_20190402_1054292-711x1024.jpg 711w, https:\/\/www.vojta.com.pl\/wp-content\/uploads\/2019\/04\/IMG_20190402_1054292-208x300.jpg 208w, https:\/\/www.vojta.com.pl\/wp-content\/uploads\/2019\/04\/IMG_20190402_1054292-768x1106.jpg 768w, https:\/\/www.vojta.com.pl\/wp-content\/uploads\/2019\/04\/IMG_20190402_1054292-1320x1901.jpg 1320w\" sizes=\"auto, (max-width: 711px) 100vw, 711px\" \/><\/figure><\/li><li class=\"blocks-gallery-item\"><figure><img loading=\"lazy\" decoding=\"async\" width=\"705\" height=\"1024\" src=\"https:\/\/www.vojta.com.pl\/wp-content\/uploads\/2019\/04\/IMG_20190402_1054432-705x1024.jpg\" alt=\"\" data-id=\"3914\" data-link=\"https:\/\/www.vojta.com.pl\/?attachment_id=3914\" class=\"wp-image-3914\" srcset=\"https:\/\/www.vojta.com.pl\/wp-content\/uploads\/2019\/04\/IMG_20190402_1054432-705x1024.jpg 705w, https:\/\/www.vojta.com.pl\/wp-content\/uploads\/2019\/04\/IMG_20190402_1054432-207x300.jpg 207w, https:\/\/www.vojta.com.pl\/wp-content\/uploads\/2019\/04\/IMG_20190402_1054432-768x1115.jpg 768w, https:\/\/www.vojta.com.pl\/wp-content\/uploads\/2019\/04\/IMG_20190402_1054432-1320x1917.jpg 1320w\" sizes=\"auto, (max-width: 705px) 100vw, 705px\" \/><\/figure><\/li><\/ul>\n","protected":false},"excerpt":{"rendered":"<p>&#8220;Synergia&#8221; Centrum fizjoterapii \u015arem, Gabinet diagnostyki funkcjonalnej i terapii metod\u0105 Vojty dla doros\u0142ych Pozna\u0144. pawel.kozlowski@vojta.com.pl 693670890, www.fizjoterapia-poznan.com<\/p>\n","protected":false},"author":1,"featured_media":0,"parent":0,"menu_order":0,"comment_status":"closed","ping_status":"closed","template":"","meta":{"_bbp_topic_count":0,"_bbp_reply_count":0,"_bbp_total_topic_count":0,"_bbp_total_reply_count":0,"_bbp_voice_count":0,"_bbp_anonymous_reply_count":0,"_bbp_topic_count_hidden":0,"_bbp_reply_count_hidden":0,"_bbp_forum_subforum_count":0,"footnotes":""},"class_list":["post-3912","page","type-page","status-publish","hentry"],"_links":{"self":[{"href":"https:\/\/www.vojta.com.pl\/index.php\/wp-json\/wp\/v2\/pages\/3912","targetHints":{"allow":["GET"]}}],"collection":[{"href":"https:\/\/www.vojta.com.pl\/index.php\/wp-json\/wp\/v2\/pages"}],"about":[{"href":"https:\/\/www.vojta.com.pl\/index.php\/wp-json\/wp\/v2\/types\/page"}],"author":[{"embeddable":true,"href":"https:\/\/www.vojta.com.pl\/index.php\/wp-json\/wp\/v2\/users\/1"}],"replies":[{"embeddable":true,"href":"https:\/\/www.vojta.com.pl\/index.php\/wp-json\/wp\/v2\/comments?post=3912"}],"version-history":[{"count":1,"href":"https:\/\/www.vojta.com.pl\/index.php\/wp-json\/wp\/v2\/pages\/3912\/revisions"}],"predecessor-version":[{"id":3915,"href":"https:\/\/www.vojta.com.pl\/index.php\/wp-json\/wp\/v2\/pages\/3912\/revisions\/3915"}],"wp:attachment":[{"href":"https:\/\/www.vojta.com.pl\/index.php\/wp-json\/wp\/v2\/media?parent=3912"}],"curies":[{"name":"wp","href":"https:\/\/api.w.org\/{rel}","templated":true}]}}