{"id":3922,"date":"2019-04-09T00:28:07","date_gmt":"2019-04-08T22:28:07","guid":{"rendered":"https:\/\/www.vojta.com.pl\/?page_id=3922"},"modified":"2026-01-22T15:33:51","modified_gmt":"2026-01-22T14:33:51","slug":"terminy-kursow","status":"publish","type":"page","link":"https:\/\/www.vojta.com.pl\/index.php\/terminy-kursow\/","title":{"rendered":"Terminy Kurs\u00f3w"},"content":{"rendered":"\n<p>Rekrutacj\u0105 i organizacj\u0105 szkolenia zajmuje si\u0119 <a href=\"https:\/\/www.promykslonca.pl\/\">Fundacja &#8220;Promyk S\u0142o\u0144ca&#8221;<\/a><\/p>\n\n\n\n<p><b><strong>Zastosowanie kinezjologii rozwojowej wg Vojty u doros\u0142ych z zaburzeniami ruchowymi <\/strong><\/b><strong> <\/strong><\/p>\n\n\n\n<div class=\"wp-block-media-text alignwide\" style=\"grid-template-columns:12% auto\"><figure class=\"wp-block-media-text__media\"><img loading=\"lazy\" decoding=\"async\" width=\"980\" height=\"826\" src=\"https:\/\/www.vojta.com.pl\/wp-content\/uploads\/2019\/04\/img_533463.png\" alt=\"\" class=\"wp-image-3923 size-full\" srcset=\"https:\/\/www.vojta.com.pl\/wp-content\/uploads\/2019\/04\/img_533463.png 980w, https:\/\/www.vojta.com.pl\/wp-content\/uploads\/2019\/04\/img_533463-300x253.png 300w, https:\/\/www.vojta.com.pl\/wp-content\/uploads\/2019\/04\/img_533463-768x647.png 768w\" sizes=\"auto, (max-width: 980px) 100vw, 980px\" \/><\/figure><div class=\"wp-block-media-text__content\">\n<ul class=\"wp-block-list\">\n<li>A:<\/li>\n\n\n\n<li>B: <\/li>\n\n\n\n<li>C: <\/li>\n\n\n\n<li>C: <\/li>\n\n\n\n<li>D: <\/li>\n\n\n\n<li>E: <\/li>\n<\/ul>\n<\/div><\/div>\n\n\n\n<p><strong>Zastosowanie kinezjologii rozwojowej wg Vojty u niemowl\u0105t, dzieci, m\u0142odzie\u017cy z zaburzeniami ruchowymi<\/strong><\/p>\n\n\n\n<div class=\"wp-block-media-text alignwide\" style=\"grid-template-columns:12% auto\"><figure class=\"wp-block-media-text__media\"><img loading=\"lazy\" decoding=\"async\" width=\"980\" height=\"826\" src=\"https:\/\/www.vojta.com.pl\/wp-content\/uploads\/2019\/04\/img_533463.png\" alt=\"\" class=\"wp-image-3923 size-full\" srcset=\"https:\/\/www.vojta.com.pl\/wp-content\/uploads\/2019\/04\/img_533463.png 980w, https:\/\/www.vojta.com.pl\/wp-content\/uploads\/2019\/04\/img_533463-300x253.png 300w, https:\/\/www.vojta.com.pl\/wp-content\/uploads\/2019\/04\/img_533463-768x647.png 768w\" sizes=\"auto, (max-width: 980px) 100vw, 980px\" \/><\/figure><div class=\"wp-block-media-text__content\">\n<ul class=\"wp-block-list\">\n<li><strong>Wroc\u0142aw:<\/strong><\/li>\n\n\n\n<li>A<\/li>\n\n\n\n<li>B1<\/li>\n\n\n\n<li>B2<\/li>\n\n\n\n<li>C<\/li>\n\n\n\n<li>D<\/li>\n<\/ul>\n<\/div><\/div>\n\n\n\n<div class=\"wp-block-media-text alignwide\" style=\"grid-template-columns:12% auto\"><figure class=\"wp-block-media-text__media\"><img loading=\"lazy\" decoding=\"async\" width=\"980\" height=\"826\" src=\"https:\/\/www.vojta.com.pl\/wp-content\/uploads\/2019\/04\/img_533463.png\" alt=\"\" class=\"wp-image-3923 size-full\" srcset=\"https:\/\/www.vojta.com.pl\/wp-content\/uploads\/2019\/04\/img_533463.png 980w, https:\/\/www.vojta.com.pl\/wp-content\/uploads\/2019\/04\/img_533463-300x253.png 300w, https:\/\/www.vojta.com.pl\/wp-content\/uploads\/2019\/04\/img_533463-768x647.png 768w\" sizes=\"auto, (max-width: 980px) 100vw, 980px\" \/><\/figure><div class=\"wp-block-media-text__content\">\n<ul class=\"wp-block-list\">\n<li><strong>Opole:<\/strong><\/li>\n\n\n\n<li>A<\/li>\n\n\n\n<li>B1<\/li>\n\n\n\n<li>B2<\/li>\n\n\n\n<li>C<\/li>\n\n\n\n<li>D<\/li>\n<\/ul>\n<\/div><\/div>\n\n\n\n<div class=\"wp-block-media-text alignwide\" style=\"grid-template-columns:12% auto\"><figure class=\"wp-block-media-text__media\"><img loading=\"lazy\" decoding=\"async\" width=\"980\" height=\"826\" src=\"https:\/\/www.vojta.com.pl\/wp-content\/uploads\/2019\/04\/img_533463.png\" alt=\"\" class=\"wp-image-3923 size-full\" srcset=\"https:\/\/www.vojta.com.pl\/wp-content\/uploads\/2019\/04\/img_533463.png 980w, https:\/\/www.vojta.com.pl\/wp-content\/uploads\/2019\/04\/img_533463-300x253.png 300w, https:\/\/www.vojta.com.pl\/wp-content\/uploads\/2019\/04\/img_533463-768x647.png 768w\" sizes=\"auto, (max-width: 980px) 100vw, 980px\" \/><\/figure><div class=\"wp-block-media-text__content\">\n<ul class=\"wp-block-list\">\n<li><strong>Elbl\u0105g:<\/strong><\/li>\n\n\n\n<li>A<\/li>\n\n\n\n<li>B1<\/li>\n\n\n\n<li>B2<\/li>\n\n\n\n<li>C<\/li>\n\n\n\n<li>D<\/li>\n<\/ul>\n<\/div><\/div>\n","protected":false},"excerpt":{"rendered":"<p>Rekrutacj\u0105 i organizacj\u0105 szkolenia zajmuje si\u0119 Fundacja &#8220;Promyk S\u0142o\u0144ca&#8221; Zastosowanie kinezjologii rozwojowej wg Vojty u doros\u0142ych z zaburzeniami ruchowymi Zastosowanie kinezjologii rozwojowej wg Vojty u niemowl\u0105t, dzieci, m\u0142odzie\u017cy z zaburzeniami ruchowymi<\/p>\n","protected":false},"author":1,"featured_media":0,"parent":0,"menu_order":0,"comment_status":"closed","ping_status":"closed","template":"","meta":{"_bbp_topic_count":0,"_bbp_reply_count":0,"_bbp_total_topic_count":0,"_bbp_total_reply_count":0,"_bbp_voice_count":0,"_bbp_anonymous_reply_count":0,"_bbp_topic_count_hidden":0,"_bbp_reply_count_hidden":0,"_bbp_forum_subforum_count":0,"footnotes":""},"class_list":["post-3922","page","type-page","status-publish","hentry"],"_links":{"self":[{"href":"https:\/\/www.vojta.com.pl\/index.php\/wp-json\/wp\/v2\/pages\/3922","targetHints":{"allow":["GET"]}}],"collection":[{"href":"https:\/\/www.vojta.com.pl\/index.php\/wp-json\/wp\/v2\/pages"}],"about":[{"href":"https:\/\/www.vojta.com.pl\/index.php\/wp-json\/wp\/v2\/types\/page"}],"author":[{"embeddable":true,"href":"https:\/\/www.vojta.com.pl\/index.php\/wp-json\/wp\/v2\/users\/1"}],"replies":[{"embeddable":true,"href":"https:\/\/www.vojta.com.pl\/index.php\/wp-json\/wp\/v2\/comments?post=3922"}],"version-history":[{"count":16,"href":"https:\/\/www.vojta.com.pl\/index.php\/wp-json\/wp\/v2\/pages\/3922\/revisions"}],"predecessor-version":[{"id":12121,"href":"https:\/\/www.vojta.com.pl\/index.php\/wp-json\/wp\/v2\/pages\/3922\/revisions\/12121"}],"wp:attachment":[{"href":"https:\/\/www.vojta.com.pl\/index.php\/wp-json\/wp\/v2\/media?parent=3922"}],"curies":[{"name":"wp","href":"https:\/\/api.w.org\/{rel}","templated":true}]}}