{"id":4792,"date":"2019-11-25T13:01:43","date_gmt":"2019-11-25T12:01:43","guid":{"rendered":"https:\/\/www.vojta.com.pl\/?page_id=4792"},"modified":"2019-11-25T13:01:44","modified_gmt":"2019-11-25T12:01:44","slug":"oddzial-podkarpacki","status":"publish","type":"page","link":"https:\/\/www.vojta.com.pl\/index.php\/oddzial-podkarpacki\/","title":{"rendered":"Oddzia\u0142 Podkarpacki"},"content":{"rendered":"\n<p><strong>Koordynator:<\/strong> Joanna J\u0119drzejek<br><strong>Zast\u0119pca:<\/strong> Agnieszka D\u0119bosz<\/p>\n\n\n\n<figure class=\"wp-block-embed-wordpress wp-block-embed is-type-wp-embed is-provider-wordpress\"><div class=\"wp-block-embed__wrapper\">\n<blockquote class=\"wp-embedded-content\" data-secret=\"g8KQdNCd9c\"><a href=\"https:\/\/www.vojta.com.pl\/index.php\/2019\/11\/25\/ag-oddzial-podkarpacki\/\">AG &#8211; Oddzia\u0142 Podkarpacki<\/a><\/blockquote><iframe loading=\"lazy\" title=\"&#8222;AG &#8211; Oddzia\u0142 Podkarpacki&#8221; &#8212; \" class=\"wp-embedded-content\" sandbox=\"allow-scripts\" security=\"restricted\" style=\"position: absolute; clip: rect(1px, 1px, 1px, 1px);\" src=\"https:\/\/www.vojta.com.pl\/index.php\/2019\/11\/25\/ag-oddzial-podkarpacki\/embed\/#?secret=g8KQdNCd9c\" data-secret=\"g8KQdNCd9c\" width=\"600\" height=\"338\" frameborder=\"0\" marginwidth=\"0\" marginheight=\"0\" scrolling=\"no\"><\/iframe>\n<\/div><\/figure>\n","protected":false},"excerpt":{"rendered":"<p>Koordynator: Joanna J\u0119drzejekZast\u0119pca: Agnieszka D\u0119bosz<\/p>\n","protected":false},"author":1,"featured_media":0,"parent":0,"menu_order":0,"comment_status":"closed","ping_status":"closed","template":"","meta":{"_bbp_topic_count":0,"_bbp_reply_count":0,"_bbp_total_topic_count":0,"_bbp_total_reply_count":0,"_bbp_voice_count":0,"_bbp_anonymous_reply_count":0,"_bbp_topic_count_hidden":0,"_bbp_reply_count_hidden":0,"_bbp_forum_subforum_count":0,"footnotes":""},"class_list":["post-4792","page","type-page","status-publish","hentry"],"_links":{"self":[{"href":"https:\/\/www.vojta.com.pl\/index.php\/wp-json\/wp\/v2\/pages\/4792","targetHints":{"allow":["GET"]}}],"collection":[{"href":"https:\/\/www.vojta.com.pl\/index.php\/wp-json\/wp\/v2\/pages"}],"about":[{"href":"https:\/\/www.vojta.com.pl\/index.php\/wp-json\/wp\/v2\/types\/page"}],"author":[{"embeddable":true,"href":"https:\/\/www.vojta.com.pl\/index.php\/wp-json\/wp\/v2\/users\/1"}],"replies":[{"embeddable":true,"href":"https:\/\/www.vojta.com.pl\/index.php\/wp-json\/wp\/v2\/comments?post=4792"}],"version-history":[{"count":1,"href":"https:\/\/www.vojta.com.pl\/index.php\/wp-json\/wp\/v2\/pages\/4792\/revisions"}],"predecessor-version":[{"id":4793,"href":"https:\/\/www.vojta.com.pl\/index.php\/wp-json\/wp\/v2\/pages\/4792\/revisions\/4793"}],"wp:attachment":[{"href":"https:\/\/www.vojta.com.pl\/index.php\/wp-json\/wp\/v2\/media?parent=4792"}],"curies":[{"name":"wp","href":"https:\/\/api.w.org\/{rel}","templated":true}]}}