{"id":631,"date":"2017-01-06T15:29:37","date_gmt":"2017-01-06T14:29:37","guid":{"rendered":"http:\/\/vojta.esy.es\/?page_id=631"},"modified":"2017-02-12T23:20:28","modified_gmt":"2017-02-12T22:20:28","slug":"anna-gorecka","status":"publish","type":"page","link":"https:\/\/www.vojta.com.pl\/index.php\/listaa\/wojewodztwo-dolnoslaskie\/anna-gorecka\/","title":{"rendered":"Anna G\u00f3recka"},"content":{"rendered":"<p>Przychodnia Biogenes pl. Bzowy 1, Wroc\u0142aw,<br \/>\nO\u015brodek Rehabilitacji Dziennej Przychodnia Pulsantis ul. Ostrowskiego 3,<br \/>\nWroc\u0142aw\u00a0Wojew\u00f3dzki Szpital Specjalistyczny im. Gromkowskiego Oddzia\u0142 Rehabilitacji Og\u00f3lno ustrojowej ul. Koszarowa 5a, Wroc\u0142aw<br \/>\ntel : 695213506 ;\u00a0email:\u00a0<a href=\"mailto:annagorecka@icloud.com\">annagorecka@icloud.com<\/a><\/p>\n\n\t\t<style type=\"text\/css\">\n\t\t\t#gallery-1 {\n\t\t\t\tmargin: auto;\n\t\t\t}\n\t\t\t#gallery-1 .gallery-item {\n\t\t\t\tfloat: left;\n\t\t\t\tmargin-top: 10px;\n\t\t\t\ttext-align: center;\n\t\t\t\twidth: 25%;\n\t\t\t}\n\t\t\t#gallery-1 img {\n\t\t\t\tborder: 2px solid #cfcfcf;\n\t\t\t}\n\t\t\t#gallery-1 .gallery-caption {\n\t\t\t\tmargin-left: 0;\n\t\t\t}\n\t\t\t\/* see gallery_shortcode() in wp-includes\/media.php *\/\n\t\t<\/style>\n\t\t<div id='gallery-1' class='gallery galleryid-631 gallery-columns-4 gallery-size-large'><dl class='gallery-item'>\n\t\t\t<dt class='gallery-icon portrait'>\n\t\t\t\t<a href='https:\/\/www.vojta.com.pl\/index.php\/listaa\/wojewodztwo-dolnoslaskie\/anna-gorecka\/certyfikat-vojta-3\/'><img loading=\"lazy\" decoding=\"async\" width=\"723\" height=\"1024\" src=\"https:\/\/www.vojta.com.pl\/wp-content\/uploads\/2017\/01\/certyfikat-vojta-723x1024.jpg\" class=\"attachment-large size-large\" alt=\"\" srcset=\"https:\/\/www.vojta.com.pl\/wp-content\/uploads\/2017\/01\/certyfikat-vojta-723x1024.jpg 723w, https:\/\/www.vojta.com.pl\/wp-content\/uploads\/2017\/01\/certyfikat-vojta-212x300.jpg 212w, https:\/\/www.vojta.com.pl\/wp-content\/uploads\/2017\/01\/certyfikat-vojta-768x1088.jpg 768w\" sizes=\"auto, (max-width: 723px) 100vw, 723px\" \/><\/a>\n\t\t\t<\/dt><\/dl><dl class='gallery-item'>\n\t\t\t<dt class='gallery-icon portrait'>\n\t\t\t\t<a href='https:\/\/www.vojta.com.pl\/index.php\/listaa\/wojewodztwo-dolnoslaskie\/anna-gorecka\/vojta-refresh-kurs-2\/'><img loading=\"lazy\" decoding=\"async\" width=\"690\" height=\"1024\" src=\"https:\/\/www.vojta.com.pl\/wp-content\/uploads\/2017\/01\/vojta-refresh-kurs-1-690x1024.jpg\" class=\"attachment-large size-large\" alt=\"\" srcset=\"https:\/\/www.vojta.com.pl\/wp-content\/uploads\/2017\/01\/vojta-refresh-kurs-1-690x1024.jpg 690w, https:\/\/www.vojta.com.pl\/wp-content\/uploads\/2017\/01\/vojta-refresh-kurs-1-202x300.jpg 202w, https:\/\/www.vojta.com.pl\/wp-content\/uploads\/2017\/01\/vojta-refresh-kurs-1-768x1140.jpg 768w, https:\/\/www.vojta.com.pl\/wp-content\/uploads\/2017\/01\/vojta-refresh-kurs-1.jpg 1858w\" sizes=\"auto, (max-width: 690px) 100vw, 690px\" \/><\/a>\n\t\t\t<\/dt><\/dl><dl class='gallery-item'>\n\t\t\t<dt class='gallery-icon portrait'>\n\t\t\t\t<a href='https:\/\/www.vojta.com.pl\/index.php\/listaa\/wojewodztwo-dolnoslaskie\/anna-gorecka\/ag-iii-wroclaw-rachunek\/'><img loading=\"lazy\" decoding=\"async\" width=\"724\" height=\"1024\" src=\"https:\/\/www.vojta.com.pl\/wp-content\/uploads\/2017\/01\/AG-III-Wroc\u0142aw-Rachunek-724x1024.jpg\" class=\"attachment-large size-large\" alt=\"\" srcset=\"https:\/\/www.vojta.com.pl\/wp-content\/uploads\/2017\/01\/AG-III-Wroc\u0142aw-Rachunek-724x1024.jpg 724w, https:\/\/www.vojta.com.pl\/wp-content\/uploads\/2017\/01\/AG-III-Wroc\u0142aw-Rachunek-212x300.jpg 212w, https:\/\/www.vojta.com.pl\/wp-content\/uploads\/2017\/01\/AG-III-Wroc\u0142aw-Rachunek-768x1087.jpg 768w\" sizes=\"auto, (max-width: 724px) 100vw, 724px\" \/><\/a>\n\t\t\t<\/dt><\/dl><dl class='gallery-item'>\n\t\t\t<dt class='gallery-icon portrait'>\n\t\t\t\t<a href='https:\/\/www.vojta.com.pl\/index.php\/listaa\/wojewodztwo-dolnoslaskie\/anna-gorecka\/ag-ii-2\/'><img loading=\"lazy\" decoding=\"async\" width=\"833\" height=\"1024\" src=\"https:\/\/www.vojta.com.pl\/wp-content\/uploads\/2017\/01\/AG-II-833x1024.jpg\" class=\"attachment-large size-large\" alt=\"\" srcset=\"https:\/\/www.vojta.com.pl\/wp-content\/uploads\/2017\/01\/AG-II-833x1024.jpg 833w, https:\/\/www.vojta.com.pl\/wp-content\/uploads\/2017\/01\/AG-II-244x300.jpg 244w, https:\/\/www.vojta.com.pl\/wp-content\/uploads\/2017\/01\/AG-II-768x944.jpg 768w, https:\/\/www.vojta.com.pl\/wp-content\/uploads\/2017\/01\/AG-II.jpg 1835w\" sizes=\"auto, (max-width: 833px) 100vw, 833px\" \/><\/a>\n\t\t\t<\/dt><\/dl><br style=\"clear: both\" \/><dl class='gallery-item'>\n\t\t\t<dt class='gallery-icon portrait'>\n\t\t\t\t<a href='https:\/\/www.vojta.com.pl\/index.php\/listaa\/wojewodztwo-dolnoslaskie\/anna-gorecka\/ag-i-2\/'><img loading=\"lazy\" decoding=\"async\" width=\"693\" height=\"1024\" src=\"https:\/\/www.vojta.com.pl\/wp-content\/uploads\/2017\/01\/AG-I-693x1024.jpg\" class=\"attachment-large size-large\" alt=\"\" srcset=\"https:\/\/www.vojta.com.pl\/wp-content\/uploads\/2017\/01\/AG-I-693x1024.jpg 693w, https:\/\/www.vojta.com.pl\/wp-content\/uploads\/2017\/01\/AG-I-203x300.jpg 203w, https:\/\/www.vojta.com.pl\/wp-content\/uploads\/2017\/01\/AG-I-768x1134.jpg 768w, https:\/\/www.vojta.com.pl\/wp-content\/uploads\/2017\/01\/AG-I.jpg 1878w\" sizes=\"auto, (max-width: 693px) 100vw, 693px\" \/><\/a>\n\t\t\t<\/dt><\/dl>\n\t\t\t<br style='clear: both' \/>\n\t\t<\/div>\n\n","protected":false},"excerpt":{"rendered":"<p>Przychodnia Biogenes pl. Bzowy 1, Wroc\u0142aw, O\u015brodek Rehabilitacji Dziennej Przychodnia Pulsantis ul. Ostrowskiego 3, Wroc\u0142aw\u00a0Wojew\u00f3dzki Szpital Specjalistyczny im. Gromkowskiego Oddzia\u0142 Rehabilitacji Og\u00f3lno ustrojowej ul. Koszarowa 5a, Wroc\u0142aw tel : 695213506 ;\u00a0email:\u00a0annagorecka@icloud.com<\/p>\n","protected":false},"author":1,"featured_media":0,"parent":129,"menu_order":0,"comment_status":"closed","ping_status":"closed","template":"","meta":{"_bbp_topic_count":0,"_bbp_reply_count":0,"_bbp_total_topic_count":0,"_bbp_total_reply_count":0,"_bbp_voice_count":0,"_bbp_anonymous_reply_count":0,"_bbp_topic_count_hidden":0,"_bbp_reply_count_hidden":0,"_bbp_forum_subforum_count":0,"footnotes":""},"class_list":["post-631","page","type-page","status-publish","hentry"],"_links":{"self":[{"href":"https:\/\/www.vojta.com.pl\/index.php\/wp-json\/wp\/v2\/pages\/631","targetHints":{"allow":["GET"]}}],"collection":[{"href":"https:\/\/www.vojta.com.pl\/index.php\/wp-json\/wp\/v2\/pages"}],"about":[{"href":"https:\/\/www.vojta.com.pl\/index.php\/wp-json\/wp\/v2\/types\/page"}],"author":[{"embeddable":true,"href":"https:\/\/www.vojta.com.pl\/index.php\/wp-json\/wp\/v2\/users\/1"}],"replies":[{"embeddable":true,"href":"https:\/\/www.vojta.com.pl\/index.php\/wp-json\/wp\/v2\/comments?post=631"}],"version-history":[{"count":4,"href":"https:\/\/www.vojta.com.pl\/index.php\/wp-json\/wp\/v2\/pages\/631\/revisions"}],"predecessor-version":[{"id":1075,"href":"https:\/\/www.vojta.com.pl\/index.php\/wp-json\/wp\/v2\/pages\/631\/revisions\/1075"}],"up":[{"embeddable":true,"href":"https:\/\/www.vojta.com.pl\/index.php\/wp-json\/wp\/v2\/pages\/129"}],"wp:attachment":[{"href":"https:\/\/www.vojta.com.pl\/index.php\/wp-json\/wp\/v2\/media?parent=631"}],"curies":[{"name":"wp","href":"https:\/\/api.w.org\/{rel}","templated":true}]}}